{"id":798,"date":"2022-11-20T18:56:04","date_gmt":"2022-11-20T18:56:04","guid":{"rendered":"https:\/\/jciouluntervaporvarit.fi\/wordpress_f\/?page_id=798"},"modified":"2025-09-15T16:33:50","modified_gmt":"2025-09-15T13:33:50","slug":"toimintamme","status":"publish","type":"page","link":"https:\/\/jciouluntervaporvarit.fi\/index.php\/toimintamme","title":{"rendered":"Tapahtumat"},"content":{"rendered":"\n<div class=\"wp-block-uagb-container uagb-block-fc8d7ffd alignfull uagb-is-root-container\"><div class=\"uagb-container-inner-blocks-wrap\">\n<div class=\"wp-block-uagb-advanced-heading uagb-block-f1d73d47\"><h2 class=\"uagb-heading-text\">Enemm\u00e4n yhdess\u00e4 <\/h2><\/div>\n<\/div><\/div>\n\n\n\n<div class=\"wp-block-uagb-container uagb-block-ffbf6bf6 alignfull uagb-is-root-container\"><div class=\"uagb-container-inner-blocks-wrap\">\n<div class=\"wp-block-uagb-container uagb-block-878849c2\">\n<div class=\"wp-block-uagb-advanced-heading uagb-block-7231b4b5\"><h2 class=\"uagb-heading-text\">Koulutustoiminta<\/h2><div class=\"uagb-separator\"><\/div><p class=\"uagb-desc-text\">Toimintamme tukee j\u00e4senist\u00f6mme osaamisen kehitt\u00e4mist\u00e4, ja siksi koulutustoiminta on toimintamme keski\u00f6ss\u00e4. J\u00e4senen\u00e4 voit kehitt\u00e4\u00e4 itse\u00e4si monimuotoisen koulutustoiminnan, tapahtumien ja projektien kautta. <br><br>Kamaritoiminnassa kehittyneet taidot ja osaaminen ovat suoraan hy\u00f6dynnett\u00e4viss\u00e4 ty\u00f6el\u00e4m\u00e4ss\u00e4 paikallisesti, kansallisesti sek\u00e4 kansainv\u00e4lisesti. Koulutustarjonnasta l\u00f6ytyy esimerkiksi puhe- ja esiintymistaitoihin, projektinhallinta- ja johtamistaitoihin, taloustaitoihin sek\u00e4 strategiaosaamiseen liittyvi\u00e4 kokonaisuuksia. Lis\u00e4ksi kannustamme j\u00e4senist\u00f6\u00e4mme jakamaan omaa osaamistaan kouluttamalla yhteis\u00f6ss\u00e4mme. <br><br><strong>START-koulutukset<\/strong> ovat koej\u00e4senille ja toiminnasta kiinnostuneille henkil\u00f6ille tarkoitettu tilaisuus. Tarkoitus on esitell\u00e4 kamaritoimintaa yleisesti sek\u00e4 erilaisia projekteja.<br><br><strong>Puhekoulutuksessa<\/strong> p\u00e4\u00e4set kehitt\u00e4m\u00e4\u00e4n puhe- ja esiintymistaitoja. Koulutus antaa valmiuksia osallistua kamarin jokavuotiseen puhekilpailuun. Puhekilpailussa pidet\u00e4\u00e4n lyhyen valmistautumisajan j\u00e4lkeen lyhyt puhe annetusta aiheesta.<br><br><strong>Debattikoulutuksessa<\/strong> p\u00e4\u00e4set turvallisessa ymp\u00e4rist\u00f6ss\u00e4 harjoittelemaan puhe- ja debatointitaitoja yhdess\u00e4 muiden kamarilaisten kanssa. <br><br>Lis\u00e4ksi j\u00e4rjest\u00e4mme lukuisia muita koulutuksia ymp\u00e4ri vuoden j\u00e4senkyselyn perusteella<br><\/p><\/div>\n\n\n\n<div class=\"wp-block-uagb-advanced-heading uagb-block-af51d231\"><h2 class=\"uagb-heading-text\">Tapahtumatoiminta<\/h2><div class=\"uagb-separator\"><\/div><p class=\"uagb-desc-text\">Oulun Tervaporvarien Nuorkauppakamari j\u00e4rjest\u00e4\u00e4 useita kymmeni\u00e4 tapahtumia vuodessa. Tapahtumat ovat erilaisia perhetapahtumia, liikunnallisia aktiviteetteja, verkostoitumista tukevaa toimintaa sek\u00e4 yritysvierailuja. Toteutamme tapahtumia itse, mutta my\u00f6s yhteisty\u00f6ss\u00e4 yritysten ja kumppaneidemme kanssa.  <br><\/p><\/div>\n<\/div>\n\n\n\n<div class=\"wp-block-uagb-container uagb-block-a12beeb0\">\n<div class=\"wp-block-uagb-image aligncenter uagb-block-65aa428d wp-block-uagb-image--layout-default wp-block-uagb-image--effect-static wp-block-uagb-image--align-center\"><figure class=\"wp-block-uagb-image__figure\"><img decoding=\"async\" srcset=\"https:\/\/jciouluntervaporvarit.fi\/wordpress_f\/wp-content\/uploads\/2022\/11\/IMG-20221113-WA0010-e1671560134287-1024x607.jpg \" sizes=\"auto, (max-width: 480px) 150px\" src=\"https:\/\/jciouluntervaporvarit.fi\/wordpress_f\/wp-content\/uploads\/2022\/11\/IMG-20221113-WA0010-e1671560134287-1024x607.jpg\" alt=\"\" class=\"uag-image-853\" width=\"1024\" height=\"607\" title=\"\" loading=\"lazy\"\/><\/figure><\/div>\n\n\n\n<div class=\"wp-block-uagb-image aligncenter uagb-block-bbf36ebf wp-block-uagb-image--layout-default wp-block-uagb-image--effect-static wp-block-uagb-image--align-center\"><figure class=\"wp-block-uagb-image__figure\"><img decoding=\"async\" srcset=\"https:\/\/jciouluntervaporvarit.fi\/wordpress_f\/wp-content\/uploads\/2022\/11\/IMG-20221101-WA0013-1024x800.jpg \" sizes=\"auto, (max-width: 480px) 150px\" src=\"https:\/\/jciouluntervaporvarit.fi\/wordpress_f\/wp-content\/uploads\/2022\/11\/IMG-20221101-WA0013-1024x800.jpg\" alt=\"\" class=\"uag-image-854\" width=\"1024\" height=\"800\" title=\"\" loading=\"lazy\"\/><\/figure><\/div>\n\n\n\n<div class=\"wp-block-uagb-image aligncenter uagb-block-90ac7c2a wp-block-uagb-image--layout-default wp-block-uagb-image--effect-static wp-block-uagb-image--align-center\"><figure class=\"wp-block-uagb-image__figure\"><img decoding=\"async\" srcset=\"https:\/\/jciouluntervaporvarit.fi\/wordpress_f\/wp-content\/uploads\/2022\/11\/02_nallikari_valokuvaus4-e1671560296116.jpeg \" sizes=\"auto, (max-width: 480px) 150px\" src=\"https:\/\/jciouluntervaporvarit.fi\/wordpress_f\/wp-content\/uploads\/2022\/11\/02_nallikari_valokuvaus4-e1671560296116.jpeg\" alt=\"\" class=\"uag-image-849\" width=\"1024\" height=\"581\" title=\"\" loading=\"lazy\"\/><\/figure><\/div>\n<\/div>\n<\/div><\/div>\n\n\n\n<figure class=\"wp-block-image size-large is-resized\"><img loading=\"lazy\" decoding=\"async\" width=\"768\" height=\"1024\" src=\"https:\/\/jciouluntervaporvarit.fi\/wordpress_f\/wp-content\/uploads\/2025\/09\/WhatsApp-Image-2025-09-15-at-16.30.26-1-768x1024.jpeg\" alt=\"\" class=\"wp-image-1599\" style=\"width:514px;height:auto\" srcset=\"https:\/\/jciouluntervaporvarit.fi\/wordpress_f\/wp-content\/uploads\/2025\/09\/WhatsApp-Image-2025-09-15-at-16.30.26-1-768x1024.jpeg 768w, https:\/\/jciouluntervaporvarit.fi\/wordpress_f\/wp-content\/uploads\/2025\/09\/WhatsApp-Image-2025-09-15-at-16.30.26-1-225x300.jpeg 225w, https:\/\/jciouluntervaporvarit.fi\/wordpress_f\/wp-content\/uploads\/2025\/09\/WhatsApp-Image-2025-09-15-at-16.30.26-1-1152x1536.jpeg 1152w, https:\/\/jciouluntervaporvarit.fi\/wordpress_f\/wp-content\/uploads\/2025\/09\/WhatsApp-Image-2025-09-15-at-16.30.26-1.jpeg 1200w\" sizes=\"auto, (max-width: 768px) 100vw, 768px\" \/><\/figure>\n","protected":false},"excerpt":{"rendered":"<p>Enemm\u00e4n yhdess\u00e4 Koulutustoiminta Toimintamme tukee j\u00e4senist\u00f6mme osaamisen kehitt\u00e4mist\u00e4, ja siksi koulutustoiminta on toimintamme keski\u00f6ss\u00e4. J\u00e4senen\u00e4 voit kehitt\u00e4\u00e4 itse\u00e4si monimuotoisen koulutustoiminnan, tapahtumien ja projektien kautta. Kamaritoiminnassa kehittyneet taidot ja osaaminen ovat suoraan hy\u00f6dynnett\u00e4viss\u00e4 ty\u00f6el\u00e4m\u00e4ss\u00e4 paikallisesti, kansallisesti sek\u00e4 kansainv\u00e4lisesti. Koulutustarjonnasta l\u00f6ytyy esimerkiksi puhe- ja esiintymistaitoihin, projektinhallinta- ja johtamistaitoihin, taloustaitoihin sek\u00e4 strategiaosaamiseen liittyvi\u00e4 kokonaisuuksia. Lis\u00e4ksi kannustamme j\u00e4senist\u00f6\u00e4mme jakamaan &hellip;<\/p>\n<p class=\"read-more\"> <a class=\"\" href=\"https:\/\/jciouluntervaporvarit.fi\/index.php\/toimintamme\"> <span class=\"screen-reader-text\">Tapahtumat<\/span> Lue lis\u00e4\u00e4 &raquo;<\/a><\/p>\n","protected":false},"author":1,"featured_media":0,"parent":0,"menu_order":0,"comment_status":"closed","ping_status":"closed","template":"","meta":{"_uag_custom_page_level_css":"","site-sidebar-layout":"no-sidebar","site-content-layout":"plain-container","ast-global-header-display":"","ast-banner-title-visibility":"","ast-main-header-display":"","ast-hfb-above-header-display":"","ast-hfb-below-header-display":"","ast-hfb-mobile-header-display":"","site-post-title":"disabled","ast-breadcrumbs-content":"","ast-featured-img":"disabled","footer-sml-layout":"","theme-transparent-header-meta":"enabled","adv-header-id-meta":"","stick-header-meta":"","header-above-stick-meta":"","header-main-stick-meta":"","header-below-stick-meta":"","footnotes":""},"class_list":["post-798","page","type-page","status-publish","hentry"],"yoast_head":"<!-- This site is optimized with the Yoast SEO plugin v26.3 - https:\/\/yoast.com\/wordpress\/plugins\/seo\/ -->\n<title>Tapahtumat - JCI Oulun Tervaporvarit<\/title>\n<meta name=\"robots\" content=\"index, follow, max-snippet:-1, max-image-preview:large, max-video-preview:-1\" \/>\n<link rel=\"canonical\" href=\"https:\/\/jciouluntervaporvarit.fi\/index.php\/toimintamme\" \/>\n<meta property=\"og:locale\" content=\"fi_FI\" \/>\n<meta property=\"og:type\" content=\"article\" \/>\n<meta property=\"og:title\" content=\"Tapahtumat - JCI Oulun Tervaporvarit\" \/>\n<meta property=\"og:description\" content=\"Enemm\u00e4n yhdess\u00e4 Koulutustoiminta Toimintamme tukee j\u00e4senist\u00f6mme osaamisen kehitt\u00e4mist\u00e4, ja siksi koulutustoiminta on toimintamme keski\u00f6ss\u00e4. J\u00e4senen\u00e4 voit kehitt\u00e4\u00e4 itse\u00e4si monimuotoisen koulutustoiminnan, tapahtumien ja projektien kautta. Kamaritoiminnassa kehittyneet taidot ja osaaminen ovat suoraan hy\u00f6dynnett\u00e4viss\u00e4 ty\u00f6el\u00e4m\u00e4ss\u00e4 paikallisesti, kansallisesti sek\u00e4 kansainv\u00e4lisesti. Koulutustarjonnasta l\u00f6ytyy esimerkiksi puhe- ja esiintymistaitoihin, projektinhallinta- ja johtamistaitoihin, taloustaitoihin sek\u00e4 strategiaosaamiseen liittyvi\u00e4 kokonaisuuksia. Lis\u00e4ksi kannustamme j\u00e4senist\u00f6\u00e4mme jakamaan &hellip; Tapahtumat Lue lis\u00e4\u00e4 &raquo;\" \/>\n<meta property=\"og:url\" content=\"https:\/\/jciouluntervaporvarit.fi\/index.php\/toimintamme\" \/>\n<meta property=\"og:site_name\" content=\"JCI Oulun Tervaporvarit\" \/>\n<meta property=\"article:publisher\" content=\"https:\/\/www.facebook.com\/jciouluntervaporvarit\" \/>\n<meta property=\"article:modified_time\" content=\"2025-09-15T13:33:50+00:00\" \/>\n<meta property=\"og:image\" content=\"https:\/\/jciouluntervaporvarit.fi\/wordpress_f\/wp-content\/uploads\/2022\/11\/IMG-20221113-WA0010-e1671560134287-1024x607.jpg\" \/>\n<meta name=\"twitter:card\" content=\"summary_large_image\" \/>\n<meta name=\"twitter:label1\" content=\"Arvioitu lukuaika\" \/>\n\t<meta name=\"twitter:data1\" content=\"2 minuuttia\" \/>\n<script type=\"application\/ld+json\" class=\"yoast-schema-graph\">{\"@context\":\"https:\/\/schema.org\",\"@graph\":[{\"@type\":\"WebPage\",\"@id\":\"https:\/\/jciouluntervaporvarit.fi\/index.php\/toimintamme\",\"url\":\"https:\/\/jciouluntervaporvarit.fi\/index.php\/toimintamme\",\"name\":\"Tapahtumat - JCI Oulun Tervaporvarit\",\"isPartOf\":{\"@id\":\"https:\/\/jciouluntervaporvarit.fi\/#website\"},\"primaryImageOfPage\":{\"@id\":\"https:\/\/jciouluntervaporvarit.fi\/index.php\/toimintamme#primaryimage\"},\"image\":{\"@id\":\"https:\/\/jciouluntervaporvarit.fi\/index.php\/toimintamme#primaryimage\"},\"thumbnailUrl\":\"https:\/\/jciouluntervaporvarit.fi\/wordpress_f\/wp-content\/uploads\/2022\/11\/IMG-20221113-WA0010-e1671560134287-1024x607.jpg\",\"datePublished\":\"2022-11-20T18:56:04+00:00\",\"dateModified\":\"2025-09-15T13:33:50+00:00\",\"breadcrumb\":{\"@id\":\"https:\/\/jciouluntervaporvarit.fi\/index.php\/toimintamme#breadcrumb\"},\"inLanguage\":\"fi\",\"potentialAction\":[{\"@type\":\"ReadAction\",\"target\":[\"https:\/\/jciouluntervaporvarit.fi\/index.php\/toimintamme\"]}]},{\"@type\":\"ImageObject\",\"inLanguage\":\"fi\",\"@id\":\"https:\/\/jciouluntervaporvarit.fi\/index.php\/toimintamme#primaryimage\",\"url\":\"https:\/\/jciouluntervaporvarit.fi\/wordpress_f\/wp-content\/uploads\/2022\/11\/IMG-20221113-WA0010-e1671560134287.jpg\",\"contentUrl\":\"https:\/\/jciouluntervaporvarit.fi\/wordpress_f\/wp-content\/uploads\/2022\/11\/IMG-20221113-WA0010-e1671560134287.jpg\",\"width\":1600,\"height\":948},{\"@type\":\"BreadcrumbList\",\"@id\":\"https:\/\/jciouluntervaporvarit.fi\/index.php\/toimintamme#breadcrumb\",\"itemListElement\":[{\"@type\":\"ListItem\",\"position\":1,\"name\":\"Etusivu\",\"item\":\"https:\/\/jciouluntervaporvarit.fi\/\"},{\"@type\":\"ListItem\",\"position\":2,\"name\":\"Tapahtumat\"}]},{\"@type\":\"WebSite\",\"@id\":\"https:\/\/jciouluntervaporvarit.fi\/#website\",\"url\":\"https:\/\/jciouluntervaporvarit.fi\/\",\"name\":\"JCI Oulun Tervaporvarien Nuorkauppakamari\",\"description\":\"JCI Oulun Tervaporvarien Nuorkauppakamari on energinen ja innovatiivinen, aktiivisten alle 40-vuotiaiden nuorten aikuisten kehittymis- ja johtamiskouluttautumisj\u00e4rjest\u00f6. Kamarimme ydinteht\u00e4v\u00e4 on kehitt\u00e4\u00e4 j\u00e4senist\u00f6ns\u00e4 osaamista, verkostoitumista ja menestyst\u00e4 ty\u00f6el\u00e4m\u00e4ss\u00e4. J\u00e4seni\u00e4 kannustetaan osallistumaan koulutuksiin aktiivisesti ja kamari j\u00e4rjest\u00e4\u00e4 itse mielenkiintoista koulutusta j\u00e4senl\u00e4ht\u00f6isesti ja j\u00e4senist\u00f6n ty\u00f6el\u00e4m\u00e4osaamista hy\u00f6dynt\u00e4en.\",\"publisher\":{\"@id\":\"https:\/\/jciouluntervaporvarit.fi\/#organization\"},\"potentialAction\":[{\"@type\":\"SearchAction\",\"target\":{\"@type\":\"EntryPoint\",\"urlTemplate\":\"https:\/\/jciouluntervaporvarit.fi\/?s={search_term_string}\"},\"query-input\":{\"@type\":\"PropertyValueSpecification\",\"valueRequired\":true,\"valueName\":\"search_term_string\"}}],\"inLanguage\":\"fi\"},{\"@type\":\"Organization\",\"@id\":\"https:\/\/jciouluntervaporvarit.fi\/#organization\",\"name\":\"JCI Oulun Tervaporvarien Nuorkauppakamari\",\"url\":\"https:\/\/jciouluntervaporvarit.fi\/\",\"logo\":{\"@type\":\"ImageObject\",\"inLanguage\":\"fi\",\"@id\":\"https:\/\/jciouluntervaporvarit.fi\/#\/schema\/logo\/image\/\",\"url\":null,\"contentUrl\":null,\"width\":1024,\"height\":628,\"caption\":\"JCI Oulun Tervaporvarien Nuorkauppakamari\"},\"image\":{\"@id\":\"https:\/\/jciouluntervaporvarit.fi\/#\/schema\/logo\/image\/\"},\"sameAs\":[\"https:\/\/www.facebook.com\/jciouluntervaporvarit\"]}]}<\/script>\n<!-- \/ Yoast SEO plugin. -->","yoast_head_json":{"title":"Tapahtumat - JCI Oulun Tervaporvarit","robots":{"index":"index","follow":"follow","max-snippet":"max-snippet:-1","max-image-preview":"max-image-preview:large","max-video-preview":"max-video-preview:-1"},"canonical":"https:\/\/jciouluntervaporvarit.fi\/index.php\/toimintamme","og_locale":"fi_FI","og_type":"article","og_title":"Tapahtumat - JCI Oulun Tervaporvarit","og_description":"Enemm\u00e4n yhdess\u00e4 Koulutustoiminta Toimintamme tukee j\u00e4senist\u00f6mme osaamisen kehitt\u00e4mist\u00e4, ja siksi koulutustoiminta on toimintamme keski\u00f6ss\u00e4. J\u00e4senen\u00e4 voit kehitt\u00e4\u00e4 itse\u00e4si monimuotoisen koulutustoiminnan, tapahtumien ja projektien kautta. Kamaritoiminnassa kehittyneet taidot ja osaaminen ovat suoraan hy\u00f6dynnett\u00e4viss\u00e4 ty\u00f6el\u00e4m\u00e4ss\u00e4 paikallisesti, kansallisesti sek\u00e4 kansainv\u00e4lisesti. Koulutustarjonnasta l\u00f6ytyy esimerkiksi puhe- ja esiintymistaitoihin, projektinhallinta- ja johtamistaitoihin, taloustaitoihin sek\u00e4 strategiaosaamiseen liittyvi\u00e4 kokonaisuuksia. Lis\u00e4ksi kannustamme j\u00e4senist\u00f6\u00e4mme jakamaan &hellip; Tapahtumat Lue lis\u00e4\u00e4 &raquo;","og_url":"https:\/\/jciouluntervaporvarit.fi\/index.php\/toimintamme","og_site_name":"JCI Oulun Tervaporvarit","article_publisher":"https:\/\/www.facebook.com\/jciouluntervaporvarit","article_modified_time":"2025-09-15T13:33:50+00:00","og_image":[{"url":"https:\/\/jciouluntervaporvarit.fi\/wordpress_f\/wp-content\/uploads\/2022\/11\/IMG-20221113-WA0010-e1671560134287-1024x607.jpg","type":"","width":"","height":""}],"twitter_card":"summary_large_image","twitter_misc":{"Arvioitu lukuaika":"2 minuuttia"},"schema":{"@context":"https:\/\/schema.org","@graph":[{"@type":"WebPage","@id":"https:\/\/jciouluntervaporvarit.fi\/index.php\/toimintamme","url":"https:\/\/jciouluntervaporvarit.fi\/index.php\/toimintamme","name":"Tapahtumat - JCI Oulun Tervaporvarit","isPartOf":{"@id":"https:\/\/jciouluntervaporvarit.fi\/#website"},"primaryImageOfPage":{"@id":"https:\/\/jciouluntervaporvarit.fi\/index.php\/toimintamme#primaryimage"},"image":{"@id":"https:\/\/jciouluntervaporvarit.fi\/index.php\/toimintamme#primaryimage"},"thumbnailUrl":"https:\/\/jciouluntervaporvarit.fi\/wordpress_f\/wp-content\/uploads\/2022\/11\/IMG-20221113-WA0010-e1671560134287-1024x607.jpg","datePublished":"2022-11-20T18:56:04+00:00","dateModified":"2025-09-15T13:33:50+00:00","breadcrumb":{"@id":"https:\/\/jciouluntervaporvarit.fi\/index.php\/toimintamme#breadcrumb"},"inLanguage":"fi","potentialAction":[{"@type":"ReadAction","target":["https:\/\/jciouluntervaporvarit.fi\/index.php\/toimintamme"]}]},{"@type":"ImageObject","inLanguage":"fi","@id":"https:\/\/jciouluntervaporvarit.fi\/index.php\/toimintamme#primaryimage","url":"https:\/\/jciouluntervaporvarit.fi\/wordpress_f\/wp-content\/uploads\/2022\/11\/IMG-20221113-WA0010-e1671560134287.jpg","contentUrl":"https:\/\/jciouluntervaporvarit.fi\/wordpress_f\/wp-content\/uploads\/2022\/11\/IMG-20221113-WA0010-e1671560134287.jpg","width":1600,"height":948},{"@type":"BreadcrumbList","@id":"https:\/\/jciouluntervaporvarit.fi\/index.php\/toimintamme#breadcrumb","itemListElement":[{"@type":"ListItem","position":1,"name":"Etusivu","item":"https:\/\/jciouluntervaporvarit.fi\/"},{"@type":"ListItem","position":2,"name":"Tapahtumat"}]},{"@type":"WebSite","@id":"https:\/\/jciouluntervaporvarit.fi\/#website","url":"https:\/\/jciouluntervaporvarit.fi\/","name":"JCI Oulun Tervaporvarien Nuorkauppakamari","description":"JCI Oulun Tervaporvarien Nuorkauppakamari on energinen ja innovatiivinen, aktiivisten alle 40-vuotiaiden nuorten aikuisten kehittymis- ja johtamiskouluttautumisj\u00e4rjest\u00f6. Kamarimme ydinteht\u00e4v\u00e4 on kehitt\u00e4\u00e4 j\u00e4senist\u00f6ns\u00e4 osaamista, verkostoitumista ja menestyst\u00e4 ty\u00f6el\u00e4m\u00e4ss\u00e4. J\u00e4seni\u00e4 kannustetaan osallistumaan koulutuksiin aktiivisesti ja kamari j\u00e4rjest\u00e4\u00e4 itse mielenkiintoista koulutusta j\u00e4senl\u00e4ht\u00f6isesti ja j\u00e4senist\u00f6n ty\u00f6el\u00e4m\u00e4osaamista hy\u00f6dynt\u00e4en.","publisher":{"@id":"https:\/\/jciouluntervaporvarit.fi\/#organization"},"potentialAction":[{"@type":"SearchAction","target":{"@type":"EntryPoint","urlTemplate":"https:\/\/jciouluntervaporvarit.fi\/?s={search_term_string}"},"query-input":{"@type":"PropertyValueSpecification","valueRequired":true,"valueName":"search_term_string"}}],"inLanguage":"fi"},{"@type":"Organization","@id":"https:\/\/jciouluntervaporvarit.fi\/#organization","name":"JCI Oulun Tervaporvarien Nuorkauppakamari","url":"https:\/\/jciouluntervaporvarit.fi\/","logo":{"@type":"ImageObject","inLanguage":"fi","@id":"https:\/\/jciouluntervaporvarit.fi\/#\/schema\/logo\/image\/","url":null,"contentUrl":null,"width":1024,"height":628,"caption":"JCI Oulun Tervaporvarien Nuorkauppakamari"},"image":{"@id":"https:\/\/jciouluntervaporvarit.fi\/#\/schema\/logo\/image\/"},"sameAs":["https:\/\/www.facebook.com\/jciouluntervaporvarit"]}]}},"uagb_featured_image_src":{"full":false,"thumbnail":false,"medium":false,"medium_large":false,"large":false,"1536x1536":false,"2048x2048":false},"uagb_author_info":{"display_name":"admin","author_link":"https:\/\/jciouluntervaporvarit.fi\/index.php\/arkistot\/author\/admin_yoeocgf1"},"uagb_comment_info":0,"uagb_excerpt":"Enemm\u00e4n yhdess\u00e4 Koulutustoiminta Toimintamme tukee j\u00e4senist\u00f6mme osaamisen kehitt\u00e4mist\u00e4, ja siksi koulutustoiminta on toimintamme keski\u00f6ss\u00e4. J\u00e4senen\u00e4 voit kehitt\u00e4\u00e4 itse\u00e4si monimuotoisen koulutustoiminnan, tapahtumien ja projektien kautta. Kamaritoiminnassa kehittyneet taidot ja osaaminen ovat suoraan hy\u00f6dynnett\u00e4viss\u00e4 ty\u00f6el\u00e4m\u00e4ss\u00e4 paikallisesti, kansallisesti sek\u00e4 kansainv\u00e4lisesti. Koulutustarjonnasta l\u00f6ytyy esimerkiksi puhe- ja esiintymistaitoihin, projektinhallinta- ja johtamistaitoihin, taloustaitoihin sek\u00e4 strategiaosaamiseen liittyvi\u00e4 kokonaisuuksia. Lis\u00e4ksi kannustamme j\u00e4senist\u00f6\u00e4mme jakamaan&hellip;","jetpack_sharing_enabled":true,"_links":{"self":[{"href":"https:\/\/jciouluntervaporvarit.fi\/index.php\/wp-json\/wp\/v2\/pages\/798","targetHints":{"allow":["GET"]}}],"collection":[{"href":"https:\/\/jciouluntervaporvarit.fi\/index.php\/wp-json\/wp\/v2\/pages"}],"about":[{"href":"https:\/\/jciouluntervaporvarit.fi\/index.php\/wp-json\/wp\/v2\/types\/page"}],"author":[{"embeddable":true,"href":"https:\/\/jciouluntervaporvarit.fi\/index.php\/wp-json\/wp\/v2\/users\/1"}],"replies":[{"embeddable":true,"href":"https:\/\/jciouluntervaporvarit.fi\/index.php\/wp-json\/wp\/v2\/comments?post=798"}],"version-history":[{"count":27,"href":"https:\/\/jciouluntervaporvarit.fi\/index.php\/wp-json\/wp\/v2\/pages\/798\/revisions"}],"predecessor-version":[{"id":1601,"href":"https:\/\/jciouluntervaporvarit.fi\/index.php\/wp-json\/wp\/v2\/pages\/798\/revisions\/1601"}],"wp:attachment":[{"href":"https:\/\/jciouluntervaporvarit.fi\/index.php\/wp-json\/wp\/v2\/media?parent=798"}],"curies":[{"name":"wp","href":"https:\/\/api.w.org\/{rel}","templated":true}]}}