{"id":794,"date":"2022-11-20T18:49:10","date_gmt":"2022-11-20T18:49:10","guid":{"rendered":"https:\/\/jciouluntervaporvarit.fi\/wordpress_f\/?page_id=794"},"modified":"2022-12-21T15:24:53","modified_gmt":"2022-12-21T15:24:53","slug":"kumppanuus","status":"publish","type":"page","link":"https:\/\/jciouluntervaporvarit.fi\/index.php\/kumppanuus","title":{"rendered":"J\u00e4senyys"},"content":{"rendered":"\n<div class=\"wp-block-uagb-container uagb-block-65391a0b alignfull uagb-is-root-container\"><div class=\"uagb-container-inner-blocks-wrap\">\n<div class=\"wp-block-uagb-advanced-heading uagb-block-c1bc94b0\"><h2 class=\"uagb-heading-text\">Haluaisitko kehitty\u00e4 yhdess\u00e4?  <\/h2><\/div>\n<\/div><\/div>\n\n\n\n<div class=\"wp-block-uagb-container uagb-block-f3be2230 alignfull uagb-is-root-container\"><div class=\"uagb-container-inner-blocks-wrap\">\n<div class=\"wp-block-columns is-layout-flex wp-container-core-columns-is-layout-28f84493 wp-block-columns-is-layout-flex\">\n<div class=\"wp-block-column is-layout-flow wp-block-column-is-layout-flow\" style=\"flex-basis:100%\">\n<div class=\"wp-block-uagb-advanced-heading uagb-block-8011b712\"><h2 class=\"uagb-heading-text\"><br><br>Kiinnostaako j\u00e4senyys? <\/h2><div class=\"uagb-separator\"><\/div><p class=\"uagb-desc-text\">Ennen varsinaista j\u00e4senyytt\u00e4 mukaan toimintaan p\u00e4\u00e4see koej\u00e4senen\u00e4. Koej\u00e4senen\u00e4 sinulla on mahdollisuus tutustua toimintaamme, ja hyp\u00e4t\u00e4 mukaan tapahtumiin sek\u00e4 projekteihin. Etsimme aktiivisia j\u00e4seni\u00e4, jotka ovat valmiita kehitt\u00e4m\u00e4\u00e4n itse\u00e4\u00e4n toimintamme kautta. Oulun Tervaporvarien Nuorkauppakamarin hallitus hyv\u00e4ksyy koej\u00e4senet.  <br><br>Kev\u00e4\u00e4n vuosikokouksessa ja syksyn vaalikokouksessa valitaan varsinaiset j\u00e4senet. Varsinainen j\u00e4senyys oikeuttaa \u00e4\u00e4nioikeuteen yhdistyksen virallisissa kokouksissa, ja sinulla on mahdollisuus asettua ehdokkaaksi hallitusvirkoihin. <br><br>Olet l\u00e4mpim\u00e4sti tervetullut tutustumaan toimintaamme koulutusten, yritysvierailujen ja vapaamuotoisten tapahtumien kautta! <br><br><br><\/p><\/div>\n\n\n\n<figure class=\"wp-block-image size-large is-resized\"><img loading=\"lazy\" decoding=\"async\" src=\"https:\/\/jciouluntervaporvarit.fi\/wordpress_f\/wp-content\/uploads\/2022\/12\/91877e06-bbc1-4a58-977b-2bc447720d21-1-1024x683.jpg\" alt=\"\" class=\"wp-image-1054\" width=\"512\" height=\"342\" srcset=\"https:\/\/jciouluntervaporvarit.fi\/wordpress_f\/wp-content\/uploads\/2022\/12\/91877e06-bbc1-4a58-977b-2bc447720d21-1-1024x683.jpg 1024w, https:\/\/jciouluntervaporvarit.fi\/wordpress_f\/wp-content\/uploads\/2022\/12\/91877e06-bbc1-4a58-977b-2bc447720d21-1-300x200.jpg 300w, https:\/\/jciouluntervaporvarit.fi\/wordpress_f\/wp-content\/uploads\/2022\/12\/91877e06-bbc1-4a58-977b-2bc447720d21-1-768x512.jpg 768w, https:\/\/jciouluntervaporvarit.fi\/wordpress_f\/wp-content\/uploads\/2022\/12\/91877e06-bbc1-4a58-977b-2bc447720d21-1-1536x1024.jpg 1536w, https:\/\/jciouluntervaporvarit.fi\/wordpress_f\/wp-content\/uploads\/2022\/12\/91877e06-bbc1-4a58-977b-2bc447720d21-1.jpg 2048w\" sizes=\"auto, (max-width: 512px) 100vw, 512px\" \/><\/figure>\n\n\n\n<div class=\"wp-block-uagb-advanced-heading uagb-block-6c90ae68\"><h2 class=\"uagb-heading-text\"> <br>Mit\u00e4 odotamme j\u00e4senilt\u00e4mme? <\/h2><div class=\"uagb-separator\"><\/div><p class=\"uagb-desc-text\"><strong>Odotamme koej\u00e4senilt\u00e4mme tahtoa vaikuttaa ymp\u00e4r\u00f6iv\u00e4\u00e4n yhteiskuntaan.<\/strong> <br><br>Haluat edist\u00e4\u00e4 yritystoimintaa ja tehd\u00e4 Oulusta houkuttelevamman paikan asua, el\u00e4\u00e4, yritt\u00e4\u00e4 ja vierailla. Ehk\u00e4p\u00e4 haluat kantaa yhteiskuntavastuuta yhteisty\u00f6yritystemme kanssa tai luoda kontakteja ymp\u00e4ri Eurooppaa. <br><br><strong>Odotamme koej\u00e4senilt\u00e4mme aktiivisuutta ja heitt\u00e4ytymist\u00e4. <\/strong> <br><br>J\u00e4senemme k\u00e4ytt\u00e4v\u00e4t aikaa kamaritoimintaan ja ymm\u00e4rt\u00e4v\u00e4t verkostoitumiseen k\u00e4ytetyn ajan tulevan takaisin moninkertaisena tulevaisuudessa. Paras tapa tutustua toisiin ja verkostoitua on tulla mukaan eri tapahtumiin sek\u00e4 toimia projekteissa. Meille t\u00e4m\u00e4 on maailman paras harrastus, joka saattaa imaista ja tempaista mukaan. <br><\/p><\/div>\n\n\n\n<div class=\"wp-block-uagb-advanced-heading uagb-block-44c34fc1\"><h2 class=\"uagb-heading-text\"> <br><strong>Ota meihin yhteytt\u00e4, kun haluat kuulla toiminnastamme lis\u00e4\u00e4.<\/strong><\/h2><div class=\"uagb-separator\"><\/div><\/div>\n\n\n<div class=\"wpforms-container wpforms-block\" id=\"wpforms-5\"><form id=\"wpforms-form-5\" class=\"wpforms-validate wpforms-form\" data-formid=\"5\" method=\"post\" enctype=\"multipart\/form-data\" action=\"\/index.php\/wp-json\/wp\/v2\/pages\/794\" data-token=\"a4b49b1060247b93a2ad5256ea277b1e\" data-token-time=\"1776563337\"><noscript class=\"wpforms-error-noscript\">Please enable JavaScript in your browser to complete this form.<\/noscript><div class=\"wpforms-field-container\"><div id=\"wpforms-5-field_1-container\" class=\"wpforms-field wpforms-field-name\" data-field-id=\"1\"><label class=\"wpforms-field-label wpforms-label-hide\" for=\"wpforms-5-field_1\">Name <span class=\"wpforms-required-label\">*<\/span><\/label><input type=\"text\" id=\"wpforms-5-field_1\" class=\"wpforms-field-large wpforms-field-required\" name=\"wpforms[fields][1]\" placeholder=\"Nimi\" required><\/div><div id=\"wpforms-5-field_2-container\" class=\"wpforms-field wpforms-field-email\" data-field-id=\"2\"><label class=\"wpforms-field-label wpforms-label-hide\" for=\"wpforms-5-field_2\">Email <span class=\"wpforms-required-label\">*<\/span><\/label><input type=\"email\" id=\"wpforms-5-field_2\" class=\"wpforms-field-large wpforms-field-required\" name=\"wpforms[fields][2]\" placeholder=\"S\u00e4hk\u00f6postiosoite\" spellcheck=\"false\" required><\/div><div id=\"wpforms-5-field_3-container\" class=\"wpforms-field wpforms-field-number\" data-field-id=\"3\"><label class=\"wpforms-field-label wpforms-label-hide\" for=\"wpforms-5-field_3\">Numbers<\/label><input type=\"number\" id=\"wpforms-5-field_3\" class=\"wpforms-field-large\" name=\"wpforms[fields][3]\" placeholder=\"Puhelinnumero\" step=\"any\" ><\/div><div id=\"wpforms-5-field_5-container\" class=\"wpforms-field wpforms-field-textarea\" data-field-id=\"5\"><label class=\"wpforms-field-label wpforms-label-hide\" for=\"wpforms-5-field_5\">Paragraph Text<\/label><textarea id=\"wpforms-5-field_5\" class=\"wpforms-field-medium\" name=\"wpforms[fields][5]\" placeholder=\"Voit kirjoittaa viestin meille\" ><\/textarea><\/div><\/div><!-- .wpforms-field-container --><div class=\"wpforms-submit-container\" ><input type=\"hidden\" name=\"wpforms[id]\" value=\"5\"><input type=\"hidden\" name=\"page_title\" value=\"\"><input type=\"hidden\" name=\"page_url\" value=\"https:\/\/jciouluntervaporvarit.fi\/index.php\/wp-json\/wp\/v2\/pages\/794\"><input type=\"hidden\" name=\"url_referer\" value=\"\"><button type=\"submit\" name=\"wpforms[submit]\" id=\"wpforms-submit-5\" class=\"wpforms-submit\" data-alt-text=\"Sending...\" data-submit-text=\"L\u00e4het\u00e4 \" aria-live=\"assertive\" value=\"wpforms-submit\">L\u00e4het\u00e4 <\/button><\/div><\/form><\/div>  <!-- .wpforms-container --><\/div>\n<\/div>\n<\/div><\/div>\n\n\n\n<div class=\"wp-block-columns alignwide is-layout-flex wp-container-core-columns-is-layout-28f84493 wp-block-columns-is-layout-flex\">\n<div class=\"wp-block-column is-vertically-aligned-center is-layout-flow wp-block-column-is-layout-flow\"><\/div>\n\n\n\n<div class=\"wp-block-column is-vertically-aligned-center is-layout-flow wp-block-column-is-layout-flow\"><\/div>\n<\/div>\n","protected":false},"excerpt":{"rendered":"<p>Haluaisitko kehitty\u00e4 yhdess\u00e4? Kiinnostaako j\u00e4senyys? Ennen varsinaista j\u00e4senyytt\u00e4 mukaan toimintaan p\u00e4\u00e4see koej\u00e4senen\u00e4. Koej\u00e4senen\u00e4 sinulla on mahdollisuus tutustua toimintaamme, ja hyp\u00e4t\u00e4 mukaan tapahtumiin sek\u00e4 projekteihin. Etsimme aktiivisia j\u00e4seni\u00e4, jotka ovat valmiita kehitt\u00e4m\u00e4\u00e4n itse\u00e4\u00e4n toimintamme kautta. Oulun Tervaporvarien Nuorkauppakamarin hallitus hyv\u00e4ksyy koej\u00e4senet. Kev\u00e4\u00e4n vuosikokouksessa ja syksyn vaalikokouksessa valitaan varsinaiset j\u00e4senet. Varsinainen j\u00e4senyys oikeuttaa \u00e4\u00e4nioikeuteen yhdistyksen virallisissa kokouksissa, &hellip;<\/p>\n<p class=\"read-more\"> <a class=\"\" href=\"https:\/\/jciouluntervaporvarit.fi\/index.php\/kumppanuus\"> <span class=\"screen-reader-text\">J\u00e4senyys<\/span> Lue lis\u00e4\u00e4 &raquo;<\/a><\/p>\n","protected":false},"author":1,"featured_media":0,"parent":0,"menu_order":0,"comment_status":"closed","ping_status":"closed","template":"","meta":{"_uag_custom_page_level_css":"","site-sidebar-layout":"no-sidebar","site-content-layout":"plain-container","ast-global-header-display":"","ast-banner-title-visibility":"","ast-main-header-display":"","ast-hfb-above-header-display":"","ast-hfb-below-header-display":"","ast-hfb-mobile-header-display":"","site-post-title":"disabled","ast-breadcrumbs-content":"","ast-featured-img":"","footer-sml-layout":"","theme-transparent-header-meta":"enabled","adv-header-id-meta":"","stick-header-meta":"","header-above-stick-meta":"","header-main-stick-meta":"","header-below-stick-meta":"","footnotes":""},"class_list":["post-794","page","type-page","status-publish","hentry"],"yoast_head":"<!-- This site is optimized with the Yoast SEO plugin v26.3 - https:\/\/yoast.com\/wordpress\/plugins\/seo\/ -->\n<title>J\u00e4senyys - JCI Oulun Tervaporvarit<\/title>\n<meta name=\"robots\" content=\"index, follow, max-snippet:-1, max-image-preview:large, max-video-preview:-1\" \/>\n<link rel=\"canonical\" href=\"https:\/\/jciouluntervaporvarit.fi\/index.php\/kumppanuus\" \/>\n<meta property=\"og:locale\" content=\"fi_FI\" \/>\n<meta property=\"og:type\" content=\"article\" \/>\n<meta property=\"og:title\" content=\"J\u00e4senyys - JCI Oulun Tervaporvarit\" \/>\n<meta property=\"og:description\" content=\"Haluaisitko kehitty\u00e4 yhdess\u00e4? Kiinnostaako j\u00e4senyys? Ennen varsinaista j\u00e4senyytt\u00e4 mukaan toimintaan p\u00e4\u00e4see koej\u00e4senen\u00e4. Koej\u00e4senen\u00e4 sinulla on mahdollisuus tutustua toimintaamme, ja hyp\u00e4t\u00e4 mukaan tapahtumiin sek\u00e4 projekteihin. Etsimme aktiivisia j\u00e4seni\u00e4, jotka ovat valmiita kehitt\u00e4m\u00e4\u00e4n itse\u00e4\u00e4n toimintamme kautta. Oulun Tervaporvarien Nuorkauppakamarin hallitus hyv\u00e4ksyy koej\u00e4senet. Kev\u00e4\u00e4n vuosikokouksessa ja syksyn vaalikokouksessa valitaan varsinaiset j\u00e4senet. Varsinainen j\u00e4senyys oikeuttaa \u00e4\u00e4nioikeuteen yhdistyksen virallisissa kokouksissa, &hellip; J\u00e4senyys Lue lis\u00e4\u00e4 &raquo;\" \/>\n<meta property=\"og:url\" content=\"https:\/\/jciouluntervaporvarit.fi\/index.php\/kumppanuus\" \/>\n<meta property=\"og:site_name\" content=\"JCI Oulun Tervaporvarit\" \/>\n<meta property=\"article:publisher\" content=\"https:\/\/www.facebook.com\/jciouluntervaporvarit\" \/>\n<meta property=\"article:modified_time\" content=\"2022-12-21T15:24:53+00:00\" \/>\n<meta property=\"og:image\" content=\"https:\/\/jciouluntervaporvarit.fi\/wordpress_f\/wp-content\/uploads\/2022\/12\/91877e06-bbc1-4a58-977b-2bc447720d21-1-1024x683.jpg\" \/>\n<meta name=\"twitter:card\" content=\"summary_large_image\" \/>\n<meta name=\"twitter:label1\" content=\"Arvioitu lukuaika\" \/>\n\t<meta name=\"twitter:data1\" content=\"1 minuutti\" \/>\n<script type=\"application\/ld+json\" class=\"yoast-schema-graph\">{\"@context\":\"https:\/\/schema.org\",\"@graph\":[{\"@type\":\"WebPage\",\"@id\":\"https:\/\/jciouluntervaporvarit.fi\/index.php\/kumppanuus\",\"url\":\"https:\/\/jciouluntervaporvarit.fi\/index.php\/kumppanuus\",\"name\":\"J\u00e4senyys - JCI Oulun Tervaporvarit\",\"isPartOf\":{\"@id\":\"https:\/\/jciouluntervaporvarit.fi\/#website\"},\"primaryImageOfPage\":{\"@id\":\"https:\/\/jciouluntervaporvarit.fi\/index.php\/kumppanuus#primaryimage\"},\"image\":{\"@id\":\"https:\/\/jciouluntervaporvarit.fi\/index.php\/kumppanuus#primaryimage\"},\"thumbnailUrl\":\"https:\/\/jciouluntervaporvarit.fi\/wordpress_f\/wp-content\/uploads\/2022\/12\/91877e06-bbc1-4a58-977b-2bc447720d21-1-1024x683.jpg\",\"datePublished\":\"2022-11-20T18:49:10+00:00\",\"dateModified\":\"2022-12-21T15:24:53+00:00\",\"breadcrumb\":{\"@id\":\"https:\/\/jciouluntervaporvarit.fi\/index.php\/kumppanuus#breadcrumb\"},\"inLanguage\":\"fi\",\"potentialAction\":[{\"@type\":\"ReadAction\",\"target\":[\"https:\/\/jciouluntervaporvarit.fi\/index.php\/kumppanuus\"]}]},{\"@type\":\"ImageObject\",\"inLanguage\":\"fi\",\"@id\":\"https:\/\/jciouluntervaporvarit.fi\/index.php\/kumppanuus#primaryimage\",\"url\":\"https:\/\/jciouluntervaporvarit.fi\/wordpress_f\/wp-content\/uploads\/2022\/12\/91877e06-bbc1-4a58-977b-2bc447720d21-1.jpg\",\"contentUrl\":\"https:\/\/jciouluntervaporvarit.fi\/wordpress_f\/wp-content\/uploads\/2022\/12\/91877e06-bbc1-4a58-977b-2bc447720d21-1.jpg\",\"width\":2048,\"height\":1365},{\"@type\":\"BreadcrumbList\",\"@id\":\"https:\/\/jciouluntervaporvarit.fi\/index.php\/kumppanuus#breadcrumb\",\"itemListElement\":[{\"@type\":\"ListItem\",\"position\":1,\"name\":\"Etusivu\",\"item\":\"https:\/\/jciouluntervaporvarit.fi\/\"},{\"@type\":\"ListItem\",\"position\":2,\"name\":\"J\u00e4senyys\"}]},{\"@type\":\"WebSite\",\"@id\":\"https:\/\/jciouluntervaporvarit.fi\/#website\",\"url\":\"https:\/\/jciouluntervaporvarit.fi\/\",\"name\":\"JCI Oulun Tervaporvarien Nuorkauppakamari\",\"description\":\"JCI Oulun Tervaporvarien Nuorkauppakamari on energinen ja innovatiivinen, aktiivisten alle 40-vuotiaiden nuorten aikuisten kehittymis- ja johtamiskouluttautumisj\u00e4rjest\u00f6. Kamarimme ydinteht\u00e4v\u00e4 on kehitt\u00e4\u00e4 j\u00e4senist\u00f6ns\u00e4 osaamista, verkostoitumista ja menestyst\u00e4 ty\u00f6el\u00e4m\u00e4ss\u00e4. J\u00e4seni\u00e4 kannustetaan osallistumaan koulutuksiin aktiivisesti ja kamari j\u00e4rjest\u00e4\u00e4 itse mielenkiintoista koulutusta j\u00e4senl\u00e4ht\u00f6isesti ja j\u00e4senist\u00f6n ty\u00f6el\u00e4m\u00e4osaamista hy\u00f6dynt\u00e4en.\",\"publisher\":{\"@id\":\"https:\/\/jciouluntervaporvarit.fi\/#organization\"},\"potentialAction\":[{\"@type\":\"SearchAction\",\"target\":{\"@type\":\"EntryPoint\",\"urlTemplate\":\"https:\/\/jciouluntervaporvarit.fi\/?s={search_term_string}\"},\"query-input\":{\"@type\":\"PropertyValueSpecification\",\"valueRequired\":true,\"valueName\":\"search_term_string\"}}],\"inLanguage\":\"fi\"},{\"@type\":\"Organization\",\"@id\":\"https:\/\/jciouluntervaporvarit.fi\/#organization\",\"name\":\"JCI Oulun Tervaporvarien Nuorkauppakamari\",\"url\":\"https:\/\/jciouluntervaporvarit.fi\/\",\"logo\":{\"@type\":\"ImageObject\",\"inLanguage\":\"fi\",\"@id\":\"https:\/\/jciouluntervaporvarit.fi\/#\/schema\/logo\/image\/\",\"url\":null,\"contentUrl\":null,\"width\":1024,\"height\":628,\"caption\":\"JCI Oulun Tervaporvarien Nuorkauppakamari\"},\"image\":{\"@id\":\"https:\/\/jciouluntervaporvarit.fi\/#\/schema\/logo\/image\/\"},\"sameAs\":[\"https:\/\/www.facebook.com\/jciouluntervaporvarit\"]}]}<\/script>\n<!-- \/ Yoast SEO plugin. -->","yoast_head_json":{"title":"J\u00e4senyys - JCI Oulun Tervaporvarit","robots":{"index":"index","follow":"follow","max-snippet":"max-snippet:-1","max-image-preview":"max-image-preview:large","max-video-preview":"max-video-preview:-1"},"canonical":"https:\/\/jciouluntervaporvarit.fi\/index.php\/kumppanuus","og_locale":"fi_FI","og_type":"article","og_title":"J\u00e4senyys - JCI Oulun Tervaporvarit","og_description":"Haluaisitko kehitty\u00e4 yhdess\u00e4? Kiinnostaako j\u00e4senyys? Ennen varsinaista j\u00e4senyytt\u00e4 mukaan toimintaan p\u00e4\u00e4see koej\u00e4senen\u00e4. Koej\u00e4senen\u00e4 sinulla on mahdollisuus tutustua toimintaamme, ja hyp\u00e4t\u00e4 mukaan tapahtumiin sek\u00e4 projekteihin. Etsimme aktiivisia j\u00e4seni\u00e4, jotka ovat valmiita kehitt\u00e4m\u00e4\u00e4n itse\u00e4\u00e4n toimintamme kautta. Oulun Tervaporvarien Nuorkauppakamarin hallitus hyv\u00e4ksyy koej\u00e4senet. Kev\u00e4\u00e4n vuosikokouksessa ja syksyn vaalikokouksessa valitaan varsinaiset j\u00e4senet. Varsinainen j\u00e4senyys oikeuttaa \u00e4\u00e4nioikeuteen yhdistyksen virallisissa kokouksissa, &hellip; J\u00e4senyys Lue lis\u00e4\u00e4 &raquo;","og_url":"https:\/\/jciouluntervaporvarit.fi\/index.php\/kumppanuus","og_site_name":"JCI Oulun Tervaporvarit","article_publisher":"https:\/\/www.facebook.com\/jciouluntervaporvarit","article_modified_time":"2022-12-21T15:24:53+00:00","og_image":[{"url":"https:\/\/jciouluntervaporvarit.fi\/wordpress_f\/wp-content\/uploads\/2022\/12\/91877e06-bbc1-4a58-977b-2bc447720d21-1-1024x683.jpg","type":"","width":"","height":""}],"twitter_card":"summary_large_image","twitter_misc":{"Arvioitu lukuaika":"1 minuutti"},"schema":{"@context":"https:\/\/schema.org","@graph":[{"@type":"WebPage","@id":"https:\/\/jciouluntervaporvarit.fi\/index.php\/kumppanuus","url":"https:\/\/jciouluntervaporvarit.fi\/index.php\/kumppanuus","name":"J\u00e4senyys - JCI Oulun Tervaporvarit","isPartOf":{"@id":"https:\/\/jciouluntervaporvarit.fi\/#website"},"primaryImageOfPage":{"@id":"https:\/\/jciouluntervaporvarit.fi\/index.php\/kumppanuus#primaryimage"},"image":{"@id":"https:\/\/jciouluntervaporvarit.fi\/index.php\/kumppanuus#primaryimage"},"thumbnailUrl":"https:\/\/jciouluntervaporvarit.fi\/wordpress_f\/wp-content\/uploads\/2022\/12\/91877e06-bbc1-4a58-977b-2bc447720d21-1-1024x683.jpg","datePublished":"2022-11-20T18:49:10+00:00","dateModified":"2022-12-21T15:24:53+00:00","breadcrumb":{"@id":"https:\/\/jciouluntervaporvarit.fi\/index.php\/kumppanuus#breadcrumb"},"inLanguage":"fi","potentialAction":[{"@type":"ReadAction","target":["https:\/\/jciouluntervaporvarit.fi\/index.php\/kumppanuus"]}]},{"@type":"ImageObject","inLanguage":"fi","@id":"https:\/\/jciouluntervaporvarit.fi\/index.php\/kumppanuus#primaryimage","url":"https:\/\/jciouluntervaporvarit.fi\/wordpress_f\/wp-content\/uploads\/2022\/12\/91877e06-bbc1-4a58-977b-2bc447720d21-1.jpg","contentUrl":"https:\/\/jciouluntervaporvarit.fi\/wordpress_f\/wp-content\/uploads\/2022\/12\/91877e06-bbc1-4a58-977b-2bc447720d21-1.jpg","width":2048,"height":1365},{"@type":"BreadcrumbList","@id":"https:\/\/jciouluntervaporvarit.fi\/index.php\/kumppanuus#breadcrumb","itemListElement":[{"@type":"ListItem","position":1,"name":"Etusivu","item":"https:\/\/jciouluntervaporvarit.fi\/"},{"@type":"ListItem","position":2,"name":"J\u00e4senyys"}]},{"@type":"WebSite","@id":"https:\/\/jciouluntervaporvarit.fi\/#website","url":"https:\/\/jciouluntervaporvarit.fi\/","name":"JCI Oulun Tervaporvarien Nuorkauppakamari","description":"JCI Oulun Tervaporvarien Nuorkauppakamari on energinen ja innovatiivinen, aktiivisten alle 40-vuotiaiden nuorten aikuisten kehittymis- ja johtamiskouluttautumisj\u00e4rjest\u00f6. Kamarimme ydinteht\u00e4v\u00e4 on kehitt\u00e4\u00e4 j\u00e4senist\u00f6ns\u00e4 osaamista, verkostoitumista ja menestyst\u00e4 ty\u00f6el\u00e4m\u00e4ss\u00e4. J\u00e4seni\u00e4 kannustetaan osallistumaan koulutuksiin aktiivisesti ja kamari j\u00e4rjest\u00e4\u00e4 itse mielenkiintoista koulutusta j\u00e4senl\u00e4ht\u00f6isesti ja j\u00e4senist\u00f6n ty\u00f6el\u00e4m\u00e4osaamista hy\u00f6dynt\u00e4en.","publisher":{"@id":"https:\/\/jciouluntervaporvarit.fi\/#organization"},"potentialAction":[{"@type":"SearchAction","target":{"@type":"EntryPoint","urlTemplate":"https:\/\/jciouluntervaporvarit.fi\/?s={search_term_string}"},"query-input":{"@type":"PropertyValueSpecification","valueRequired":true,"valueName":"search_term_string"}}],"inLanguage":"fi"},{"@type":"Organization","@id":"https:\/\/jciouluntervaporvarit.fi\/#organization","name":"JCI Oulun Tervaporvarien Nuorkauppakamari","url":"https:\/\/jciouluntervaporvarit.fi\/","logo":{"@type":"ImageObject","inLanguage":"fi","@id":"https:\/\/jciouluntervaporvarit.fi\/#\/schema\/logo\/image\/","url":null,"contentUrl":null,"width":1024,"height":628,"caption":"JCI Oulun Tervaporvarien Nuorkauppakamari"},"image":{"@id":"https:\/\/jciouluntervaporvarit.fi\/#\/schema\/logo\/image\/"},"sameAs":["https:\/\/www.facebook.com\/jciouluntervaporvarit"]}]}},"uagb_featured_image_src":{"full":false,"thumbnail":false,"medium":false,"medium_large":false,"large":false,"1536x1536":false,"2048x2048":false},"uagb_author_info":{"display_name":"admin","author_link":"https:\/\/jciouluntervaporvarit.fi\/index.php\/arkistot\/author\/admin_yoeocgf1"},"uagb_comment_info":0,"uagb_excerpt":"Haluaisitko kehitty\u00e4 yhdess\u00e4? Kiinnostaako j\u00e4senyys? Ennen varsinaista j\u00e4senyytt\u00e4 mukaan toimintaan p\u00e4\u00e4see koej\u00e4senen\u00e4. Koej\u00e4senen\u00e4 sinulla on mahdollisuus tutustua toimintaamme, ja hyp\u00e4t\u00e4 mukaan tapahtumiin sek\u00e4 projekteihin. Etsimme aktiivisia j\u00e4seni\u00e4, jotka ovat valmiita kehitt\u00e4m\u00e4\u00e4n itse\u00e4\u00e4n toimintamme kautta. Oulun Tervaporvarien Nuorkauppakamarin hallitus hyv\u00e4ksyy koej\u00e4senet. Kev\u00e4\u00e4n vuosikokouksessa ja syksyn vaalikokouksessa valitaan varsinaiset j\u00e4senet. Varsinainen j\u00e4senyys oikeuttaa \u00e4\u00e4nioikeuteen yhdistyksen virallisissa kokouksissa,&hellip;","jetpack_sharing_enabled":true,"_links":{"self":[{"href":"https:\/\/jciouluntervaporvarit.fi\/index.php\/wp-json\/wp\/v2\/pages\/794","targetHints":{"allow":["GET"]}}],"collection":[{"href":"https:\/\/jciouluntervaporvarit.fi\/index.php\/wp-json\/wp\/v2\/pages"}],"about":[{"href":"https:\/\/jciouluntervaporvarit.fi\/index.php\/wp-json\/wp\/v2\/types\/page"}],"author":[{"embeddable":true,"href":"https:\/\/jciouluntervaporvarit.fi\/index.php\/wp-json\/wp\/v2\/users\/1"}],"replies":[{"embeddable":true,"href":"https:\/\/jciouluntervaporvarit.fi\/index.php\/wp-json\/wp\/v2\/comments?post=794"}],"version-history":[{"count":26,"href":"https:\/\/jciouluntervaporvarit.fi\/index.php\/wp-json\/wp\/v2\/pages\/794\/revisions"}],"predecessor-version":[{"id":1419,"href":"https:\/\/jciouluntervaporvarit.fi\/index.php\/wp-json\/wp\/v2\/pages\/794\/revisions\/1419"}],"wp:attachment":[{"href":"https:\/\/jciouluntervaporvarit.fi\/index.php\/wp-json\/wp\/v2\/media?parent=794"}],"curies":[{"name":"wp","href":"https:\/\/api.w.org\/{rel}","templated":true}]}}