{"id":413,"date":"2020-09-15T06:48:29","date_gmt":"2020-09-15T06:48:29","guid":{"rendered":"https:\/\/jciouluntervaporvarit.fi\/wordpress_f\/?page_id=413"},"modified":"2026-02-07T21:48:02","modified_gmt":"2026-02-07T18:48:02","slug":"about","status":"publish","type":"page","link":"https:\/\/jciouluntervaporvarit.fi\/index.php\/about","title":{"rendered":"Toimintamme"},"content":{"rendered":"\n<div class=\"wp-block-uagb-container uagb-block-af1c5240 alignfull uagb-is-root-container\"><div class=\"uagb-container-inner-blocks-wrap\">\n<div class=\"wp-block-uagb-advanced-heading uagb-block-1e31f9a1\"><h2 class=\"uagb-heading-text\">Toimintamme<\/h2><\/div>\n<\/div><\/div>\n\n\n\n<div class=\"wp-block-uagb-container uagb-block-b07beadf alignfull uagb-is-root-container\"><div class=\"uagb-container-inner-blocks-wrap\">\n<div class=\"wp-block-uagb-container uagb-block-343a0fcd\">\n<div class=\"wp-block-uagb-advanced-heading uagb-block-dd208b3c\"><h2 class=\"uagb-heading-text\">Arvomme <\/h2><div class=\"uagb-separator\"><\/div><p class=\"uagb-desc-text\">Toimintaamme tukevia arvoja ovat rohkea uteliaisuus, vastuullisuus ja &#8221;tervisheimo&#8221;. Toimintamme tukee yksil\u00f6n ja toiminnan oppimista, mik\u00e4 tarkoittaa parempia valintoja ja p\u00e4\u00e4t\u00f6ksi\u00e4 arjessamme ja toiminnassamme. Olemme yhteis\u00f6n\u00e4 my\u00f6s valmiita uudistumaan, ja heitt\u00e4ytym\u00e4\u00e4n kokeilukulttuurin hengess\u00e4. Tervisl\u00e4isyys n\u00e4kyy yhteis\u00f6ss\u00e4 aktiivisena ja merkityksellisen\u00e4 toimintana turvallisessa ja kannustavassa ilmapiiriss\u00e4. <\/p><\/div>\n\n\n\n<div class=\"wp-block-uagb-advanced-heading uagb-block-bbfc000c\"><h2 class=\"uagb-heading-text\">Historia <\/h2><div class=\"uagb-separator\"><\/div><p class=\"uagb-desc-text\">Oulun Tervaporvarien Nuorkauppakamari sai alkunsa vuonna 1992, kun perustajaj\u00e4senet kokivat perinteisen nuorkauppakamaritoiminnan liian j\u00e4yk\u00e4ksi ja p\u00e4\u00e4ttiv\u00e4t yhdess\u00e4 perustaa uuden, rennomman ja erilaisen kamarin. Oulun Tervaporvarien Nuorkauppakamari syntyi siten ns. kapinakamariksi joka viel\u00e4 t\u00e4n\u00e4 p\u00e4iv\u00e4n\u00e4kin tekee asiat omalla tavallaan, erottuu positiivisesti yhteishengell\u00e4\u00e4n ja uskaltaa rohkeasti kehitt\u00e4\u00e4 ja nostaa asioita keskusteluun.<\/p><\/div>\n\n\n\n<div class=\"wp-block-uagb-advanced-heading uagb-block-53e9f949\"><h2 class=\"uagb-heading-text\">Paikallinen vaikuttavuus <\/h2><div class=\"uagb-separator\"><\/div><p class=\"uagb-desc-text\">Oulun Tervaporvarien Nuorkauppakamarin toiminta-alueena on Oulun talousalue ja kamarin teht\u00e4v\u00e4n\u00e4 on vaikuttaa positiivisesti alueen kehitykseen sek\u00e4 kehitt\u00e4\u00e4 oman j\u00e4senist\u00f6ns\u00e4 osaamista, verkostoitumista ja menestyst\u00e4 ty\u00f6el\u00e4m\u00e4ss\u00e4. J\u00e4senist\u00f6\u00e4 kannustetaan osallistumaan koulutuksiin aktiivisesti ja kamari j\u00e4rjest\u00e4\u00e4 itse mielenkiintoista koulutusta j\u00e4senl\u00e4ht\u00f6isesti ja j\u00e4senist\u00f6n ty\u00f6el\u00e4m\u00e4osaamista hy\u00f6dynt\u00e4en.<\/p><\/div>\n\n\n\n<div class=\"wp-block-uagb-advanced-heading uagb-block-2750ecd7\"><h2 class=\"uagb-heading-text\">Projektitoiminta <\/h2><div class=\"uagb-separator\"><\/div><p class=\"uagb-desc-text\">Kansainv\u00e4lisesti nuorkauppakamaritoiminta on sitoutunut edist\u00e4m\u00e4\u00e4n YK:n kest\u00e4v\u00e4n kehityksen tavoitteita omassa toiminnassaan. JCI onkin ainut taho maailmassa, joka saa k\u00e4ytt\u00e4\u00e4 omassa logossaan YK:n maapalloa. N\u00e4iden periaatteiden mukaisesti my\u00f6s meid\u00e4n toimintaamme kuuluvat t\u00e4rke\u00e4n\u00e4 osana yhteiset projektit, jotka voivat olla mit\u00e4 vain yksitt\u00e4isest\u00e4 tapahtumasta monivuotisiin yhteiskunnallisesti vaikuttaviin hankkeisiin. Projekteissa korostuu yhteisty\u00f6 ja yhdess\u00e4 tekeminen sek\u00e4 paikallinen verkosto.<br>YK:n kest\u00e4v\u00e4n kehityksen tavoitteita noudattaen projektiemme tavoitteena on oppia uutta ja vaikuttaa positiivisesti j\u00e4senist\u00f6n kehittymiseen, yhteiskuntaan sek\u00e4 kotikaupunkiin. J\u00e4senist\u00f6\u00e4 kannustetaan osallistumaan koulutuksiin aktiivisesti ja kamari j\u00e4rjest\u00e4\u00e4 itse mielenkiintoista koulutusta j\u00e4senl\u00e4ht\u00f6isesti ja j\u00e4senist\u00f6n ty\u00f6el\u00e4m\u00e4osaamista hy\u00f6dynt\u00e4en.<\/p><\/div>\n\n\n\n<div class=\"wp-block-uagb-advanced-heading uagb-block-97ab33dc\"><h2 class=\"uagb-heading-text\">Vaikutamme kansallisesti ja kansainv\u00e4lisesti  <\/h2><div class=\"uagb-separator\"><\/div><p class=\"uagb-desc-text\">Olemme osa Suomen Nuorkauppakamareita ja kansainv\u00e4list\u00e4 JCI verkostoa. J\u00e4senist\u00f6mme osallistuu s\u00e4\u00e4nn\u00f6llisesti paikallisiin, alueellisiin ja kansallisiin kokouksiin ymp\u00e4ri Suomea. Lis\u00e4ksi toteutamme Suomen Nuorkauppakamarien valtakunnallisia <a href=\"https:\/\/jciouluntervaporvarit.fi\/wordpress_f\/?page_id=414\">projekteja kuten Tuottava idea, Vuoden Nuori Johtaja sek\u00e4 International Employer of Year -kilpailut.<\/a><br><br>Nuorkauppakamaritoiminta on kansainv\u00e4list\u00e4, jonka my\u00f6t\u00e4 j\u00e4senemme p\u00e4\u00e4sev\u00e4t osallistumaan Euroopan ja maailmantason kokouksiin vuosittain ymp\u00e4ri maailmaa. <\/p><\/div>\n<\/div>\n\n\n\n<div class=\"wp-block-uagb-container uagb-block-140018f4\">\n<div class=\"wp-block-uagb-image uagb-block-2456a0e7 wp-block-uagb-image--layout-default wp-block-uagb-image--effect-static wp-block-uagb-image--align-center\"><figure class=\"wp-block-uagb-image__figure\"><img decoding=\"async\" srcset=\"https:\/\/jciouluntervaporvarit.fi\/wordpress_f\/wp-content\/uploads\/2022\/11\/IMG-20221023-WA0008-\u2013-kopio-2-1024x777.jpg \" src=\"https:\/\/jciouluntervaporvarit.fi\/wordpress_f\/wp-content\/uploads\/2022\/11\/IMG-20221023-WA0008-\u2013-kopio-2-1024x777.jpg\" alt=\"\" class=\"uag-image-585\" width=\"1024\" height=\"777\" title=\"\" loading=\"lazy\"\/><\/figure><\/div>\n\n\n\n<div class=\"wp-block-uagb-image uagb-block-d6c0af61 wp-block-uagb-image--layout-default wp-block-uagb-image--effect-static wp-block-uagb-image--align-center\"><figure class=\"wp-block-uagb-image__figure\"><img decoding=\"async\" srcset=\"https:\/\/jciouluntervaporvarit.fi\/wordpress_f\/wp-content\/uploads\/2022\/11\/BD12082C-6DDF-47A6-B6A6-7DBD21699AAD_1_105_c.jpeg \" src=\"https:\/\/jciouluntervaporvarit.fi\/wordpress_f\/wp-content\/uploads\/2022\/11\/BD12082C-6DDF-47A6-B6A6-7DBD21699AAD_1_105_c.jpeg\" alt=\"\" class=\"uag-image-707\" width=\"1024\" height=\"777\" title=\"\" loading=\"lazy\"\/><\/figure><\/div>\n\n\n\n<div class=\"wp-block-uagb-image uagb-block-7a1a4970 wp-block-uagb-image--layout-default wp-block-uagb-image--effect-static wp-block-uagb-image--align-center\"><figure class=\"wp-block-uagb-image__figure\"><img decoding=\"async\" srcset=\"https:\/\/jciouluntervaporvarit.fi\/wordpress_f\/wp-content\/uploads\/2022\/11\/image.png \" src=\"https:\/\/jciouluntervaporvarit.fi\/wordpress_f\/wp-content\/uploads\/2022\/11\/image.png\" alt=\"\" class=\"uag-image-691\" width=\"1024\" height=\"777\" title=\"\" loading=\"lazy\"\/><\/figure><\/div>\n<\/div>\n<\/div><\/div>\n\n\n\n<div class=\"wp-block-uagb-container uagb-block-4af2e75c alignfull uagb-is-root-container\"><div class=\"uagb-container-inner-blocks-wrap\">\n<figure class=\"wp-block-image size-large is-resized\"><img loading=\"lazy\" decoding=\"async\" width=\"1024\" height=\"584\" src=\"https:\/\/jciouluntervaporvarit.fi\/wordpress_f\/wp-content\/uploads\/2026\/02\/TervistenStrategia2026_2029-1024x584.jpg\" alt=\"\" class=\"wp-image-1779\" style=\"width:1144px;height:auto\" srcset=\"https:\/\/jciouluntervaporvarit.fi\/wordpress_f\/wp-content\/uploads\/2026\/02\/TervistenStrategia2026_2029-1024x584.jpg 1024w, https:\/\/jciouluntervaporvarit.fi\/wordpress_f\/wp-content\/uploads\/2026\/02\/TervistenStrategia2026_2029-300x171.jpg 300w, https:\/\/jciouluntervaporvarit.fi\/wordpress_f\/wp-content\/uploads\/2026\/02\/TervistenStrategia2026_2029-768x438.jpg 768w, https:\/\/jciouluntervaporvarit.fi\/wordpress_f\/wp-content\/uploads\/2026\/02\/TervistenStrategia2026_2029-1536x876.jpg 1536w, https:\/\/jciouluntervaporvarit.fi\/wordpress_f\/wp-content\/uploads\/2026\/02\/TervistenStrategia2026_2029.jpg 1600w\" sizes=\"auto, (max-width: 1024px) 100vw, 1024px\" \/><\/figure>\n\n\n\n<div class=\"wp-block-uagb-container uagb-block-83dfcf6d alignfull uagb-is-root-container\"><div class=\"uagb-container-inner-blocks-wrap\">\n<div class=\"wp-block-uagb-info-box uagb-block-8f8707ba uagb-infobox__content-wrap  uagb-infobox-icon-above-title uagb-infobox-image-valign-top\"><div class=\"uagb-ifb-content\"><div class=\"uagb-ifb-title-wrap\"><h2 class=\"uagb-ifb-title\">Tervisten missio <\/h2><\/div><div class=\"uagb-ifb-separator\"><\/div><p class=\"uagb-ifb-desc\"><strong>Kasvatamme tulevaisuuden johtajia ja yhteiskunnallisia vaikuttajia tarjoamalla<br>oppimisen paikkoja, inhimillist\u00e4 yhteis\u00f6llisyytt\u00e4 ja mahdollisuuksia tehd\u00e4<br>merkityksellisi\u00e4 tekoja<\/strong><\/p><\/div><\/div>\n\n\n\n<div class=\"wp-block-uagb-info-box uagb-block-4dae09d3 uagb-infobox__content-wrap  uagb-infobox-icon-above-title uagb-infobox-image-valign-top\"><div class=\"uagb-ifb-content\"><div class=\"uagb-ifb-title-wrap\"><h2 class=\"uagb-ifb-title\">Tervisten visio <\/h2><\/div><div class=\"uagb-ifb-separator\"><\/div><p class=\"uagb-ifb-desc\"><strong>Vetovoimainen yhteis\u00f6, joka kasvattaa tulevaisuuden johtajia ja kehitt\u00e4\u00e4<br>Oulua.<\/strong><\/p><\/div><\/div>\n<\/div><\/div>\n<\/div><\/div>\n","protected":false},"excerpt":{"rendered":"<p>Toimintamme Arvomme Toimintaamme tukevia arvoja ovat rohkea uteliaisuus, vastuullisuus ja &#8221;tervisheimo&#8221;. Toimintamme tukee yksil\u00f6n ja toiminnan oppimista, mik\u00e4 tarkoittaa parempia valintoja ja p\u00e4\u00e4t\u00f6ksi\u00e4 arjessamme ja toiminnassamme. Olemme yhteis\u00f6n\u00e4 my\u00f6s valmiita uudistumaan, ja heitt\u00e4ytym\u00e4\u00e4n kokeilukulttuurin hengess\u00e4. Tervisl\u00e4isyys n\u00e4kyy yhteis\u00f6ss\u00e4 aktiivisena ja merkityksellisen\u00e4 toimintana turvallisessa ja kannustavassa ilmapiiriss\u00e4. Historia Oulun Tervaporvarien Nuorkauppakamari sai alkunsa vuonna 1992, kun &hellip;<\/p>\n<p class=\"read-more\"> <a class=\"\" href=\"https:\/\/jciouluntervaporvarit.fi\/index.php\/about\"> <span class=\"screen-reader-text\">Toimintamme<\/span> Lue lis\u00e4\u00e4 &raquo;<\/a><\/p>\n","protected":false},"author":1,"featured_media":0,"parent":0,"menu_order":0,"comment_status":"closed","ping_status":"closed","template":"","meta":{"_uag_custom_page_level_css":"","site-sidebar-layout":"no-sidebar","site-content-layout":"plain-container","ast-global-header-display":"","ast-banner-title-visibility":"","ast-main-header-display":"","ast-hfb-above-header-display":"","ast-hfb-below-header-display":"","ast-hfb-mobile-header-display":"","site-post-title":"disabled","ast-breadcrumbs-content":"","ast-featured-img":"disabled","footer-sml-layout":"","theme-transparent-header-meta":"enabled","adv-header-id-meta":"","stick-header-meta":"","header-above-stick-meta":"","header-main-stick-meta":"","header-below-stick-meta":"","footnotes":""},"class_list":["post-413","page","type-page","status-publish","hentry"],"yoast_head":"<!-- This site is optimized with the Yoast SEO plugin v26.3 - https:\/\/yoast.com\/wordpress\/plugins\/seo\/ -->\n<title>Toimintamme - JCI Oulun Tervaporvarit<\/title>\n<meta name=\"robots\" content=\"index, follow, max-snippet:-1, max-image-preview:large, max-video-preview:-1\" \/>\n<link rel=\"canonical\" href=\"https:\/\/jciouluntervaporvarit.fi\/index.php\/about\" \/>\n<meta property=\"og:locale\" content=\"fi_FI\" \/>\n<meta property=\"og:type\" content=\"article\" \/>\n<meta property=\"og:title\" content=\"Toimintamme - JCI Oulun Tervaporvarit\" \/>\n<meta property=\"og:description\" content=\"Toimintamme Arvomme Toimintaamme tukevia arvoja ovat rohkea uteliaisuus, vastuullisuus ja &#8221;tervisheimo&#8221;. Toimintamme tukee yksil\u00f6n ja toiminnan oppimista, mik\u00e4 tarkoittaa parempia valintoja ja p\u00e4\u00e4t\u00f6ksi\u00e4 arjessamme ja toiminnassamme. Olemme yhteis\u00f6n\u00e4 my\u00f6s valmiita uudistumaan, ja heitt\u00e4ytym\u00e4\u00e4n kokeilukulttuurin hengess\u00e4. Tervisl\u00e4isyys n\u00e4kyy yhteis\u00f6ss\u00e4 aktiivisena ja merkityksellisen\u00e4 toimintana turvallisessa ja kannustavassa ilmapiiriss\u00e4. Historia Oulun Tervaporvarien Nuorkauppakamari sai alkunsa vuonna 1992, kun &hellip; Toimintamme Lue lis\u00e4\u00e4 &raquo;\" \/>\n<meta property=\"og:url\" content=\"https:\/\/jciouluntervaporvarit.fi\/index.php\/about\" \/>\n<meta property=\"og:site_name\" content=\"JCI Oulun Tervaporvarit\" \/>\n<meta property=\"article:publisher\" content=\"https:\/\/www.facebook.com\/jciouluntervaporvarit\" \/>\n<meta property=\"article:modified_time\" content=\"2026-02-07T18:48:02+00:00\" \/>\n<meta property=\"og:image\" content=\"https:\/\/jciouluntervaporvarit.fi\/wordpress_f\/wp-content\/uploads\/2022\/11\/BD12082C-6DDF-47A6-B6A6-7DBD21699AAD_1_105_c.jpeg\" \/>\n<meta name=\"twitter:card\" content=\"summary_large_image\" \/>\n<meta name=\"twitter:label1\" content=\"Arvioitu lukuaika\" \/>\n\t<meta name=\"twitter:data1\" content=\"1 minuutti\" \/>\n<script type=\"application\/ld+json\" class=\"yoast-schema-graph\">{\"@context\":\"https:\/\/schema.org\",\"@graph\":[{\"@type\":\"WebPage\",\"@id\":\"https:\/\/jciouluntervaporvarit.fi\/index.php\/about\",\"url\":\"https:\/\/jciouluntervaporvarit.fi\/index.php\/about\",\"name\":\"Toimintamme - JCI Oulun Tervaporvarit\",\"isPartOf\":{\"@id\":\"https:\/\/jciouluntervaporvarit.fi\/#website\"},\"primaryImageOfPage\":{\"@id\":\"https:\/\/jciouluntervaporvarit.fi\/index.php\/about#primaryimage\"},\"image\":{\"@id\":\"https:\/\/jciouluntervaporvarit.fi\/index.php\/about#primaryimage\"},\"thumbnailUrl\":\"https:\/\/jciouluntervaporvarit.fi\/wordpress_f\/wp-content\/uploads\/2022\/11\/BD12082C-6DDF-47A6-B6A6-7DBD21699AAD_1_105_c.jpeg\",\"datePublished\":\"2020-09-15T06:48:29+00:00\",\"dateModified\":\"2026-02-07T18:48:02+00:00\",\"breadcrumb\":{\"@id\":\"https:\/\/jciouluntervaporvarit.fi\/index.php\/about#breadcrumb\"},\"inLanguage\":\"fi\",\"potentialAction\":[{\"@type\":\"ReadAction\",\"target\":[\"https:\/\/jciouluntervaporvarit.fi\/index.php\/about\"]}]},{\"@type\":\"ImageObject\",\"inLanguage\":\"fi\",\"@id\":\"https:\/\/jciouluntervaporvarit.fi\/index.php\/about#primaryimage\",\"url\":\"https:\/\/jciouluntervaporvarit.fi\/wordpress_f\/wp-content\/uploads\/2022\/11\/BD12082C-6DDF-47A6-B6A6-7DBD21699AAD_1_105_c.jpeg\",\"contentUrl\":\"https:\/\/jciouluntervaporvarit.fi\/wordpress_f\/wp-content\/uploads\/2022\/11\/BD12082C-6DDF-47A6-B6A6-7DBD21699AAD_1_105_c.jpeg\",\"width\":1022,\"height\":768},{\"@type\":\"BreadcrumbList\",\"@id\":\"https:\/\/jciouluntervaporvarit.fi\/index.php\/about#breadcrumb\",\"itemListElement\":[{\"@type\":\"ListItem\",\"position\":1,\"name\":\"Etusivu\",\"item\":\"https:\/\/jciouluntervaporvarit.fi\/\"},{\"@type\":\"ListItem\",\"position\":2,\"name\":\"Toimintamme\"}]},{\"@type\":\"WebSite\",\"@id\":\"https:\/\/jciouluntervaporvarit.fi\/#website\",\"url\":\"https:\/\/jciouluntervaporvarit.fi\/\",\"name\":\"JCI Oulun Tervaporvarien Nuorkauppakamari\",\"description\":\"JCI Oulun Tervaporvarien Nuorkauppakamari on energinen ja innovatiivinen, aktiivisten alle 40-vuotiaiden nuorten aikuisten kehittymis- ja johtamiskouluttautumisj\u00e4rjest\u00f6. Kamarimme ydinteht\u00e4v\u00e4 on kehitt\u00e4\u00e4 j\u00e4senist\u00f6ns\u00e4 osaamista, verkostoitumista ja menestyst\u00e4 ty\u00f6el\u00e4m\u00e4ss\u00e4. J\u00e4seni\u00e4 kannustetaan osallistumaan koulutuksiin aktiivisesti ja kamari j\u00e4rjest\u00e4\u00e4 itse mielenkiintoista koulutusta j\u00e4senl\u00e4ht\u00f6isesti ja j\u00e4senist\u00f6n ty\u00f6el\u00e4m\u00e4osaamista hy\u00f6dynt\u00e4en.\",\"publisher\":{\"@id\":\"https:\/\/jciouluntervaporvarit.fi\/#organization\"},\"potentialAction\":[{\"@type\":\"SearchAction\",\"target\":{\"@type\":\"EntryPoint\",\"urlTemplate\":\"https:\/\/jciouluntervaporvarit.fi\/?s={search_term_string}\"},\"query-input\":{\"@type\":\"PropertyValueSpecification\",\"valueRequired\":true,\"valueName\":\"search_term_string\"}}],\"inLanguage\":\"fi\"},{\"@type\":\"Organization\",\"@id\":\"https:\/\/jciouluntervaporvarit.fi\/#organization\",\"name\":\"JCI Oulun Tervaporvarien Nuorkauppakamari\",\"url\":\"https:\/\/jciouluntervaporvarit.fi\/\",\"logo\":{\"@type\":\"ImageObject\",\"inLanguage\":\"fi\",\"@id\":\"https:\/\/jciouluntervaporvarit.fi\/#\/schema\/logo\/image\/\",\"url\":null,\"contentUrl\":null,\"width\":1024,\"height\":628,\"caption\":\"JCI Oulun Tervaporvarien Nuorkauppakamari\"},\"image\":{\"@id\":\"https:\/\/jciouluntervaporvarit.fi\/#\/schema\/logo\/image\/\"},\"sameAs\":[\"https:\/\/www.facebook.com\/jciouluntervaporvarit\"]}]}<\/script>\n<!-- \/ Yoast SEO plugin. -->","yoast_head_json":{"title":"Toimintamme - JCI Oulun Tervaporvarit","robots":{"index":"index","follow":"follow","max-snippet":"max-snippet:-1","max-image-preview":"max-image-preview:large","max-video-preview":"max-video-preview:-1"},"canonical":"https:\/\/jciouluntervaporvarit.fi\/index.php\/about","og_locale":"fi_FI","og_type":"article","og_title":"Toimintamme - JCI Oulun Tervaporvarit","og_description":"Toimintamme Arvomme Toimintaamme tukevia arvoja ovat rohkea uteliaisuus, vastuullisuus ja &#8221;tervisheimo&#8221;. Toimintamme tukee yksil\u00f6n ja toiminnan oppimista, mik\u00e4 tarkoittaa parempia valintoja ja p\u00e4\u00e4t\u00f6ksi\u00e4 arjessamme ja toiminnassamme. Olemme yhteis\u00f6n\u00e4 my\u00f6s valmiita uudistumaan, ja heitt\u00e4ytym\u00e4\u00e4n kokeilukulttuurin hengess\u00e4. Tervisl\u00e4isyys n\u00e4kyy yhteis\u00f6ss\u00e4 aktiivisena ja merkityksellisen\u00e4 toimintana turvallisessa ja kannustavassa ilmapiiriss\u00e4. Historia Oulun Tervaporvarien Nuorkauppakamari sai alkunsa vuonna 1992, kun &hellip; Toimintamme Lue lis\u00e4\u00e4 &raquo;","og_url":"https:\/\/jciouluntervaporvarit.fi\/index.php\/about","og_site_name":"JCI Oulun Tervaporvarit","article_publisher":"https:\/\/www.facebook.com\/jciouluntervaporvarit","article_modified_time":"2026-02-07T18:48:02+00:00","og_image":[{"url":"https:\/\/jciouluntervaporvarit.fi\/wordpress_f\/wp-content\/uploads\/2022\/11\/BD12082C-6DDF-47A6-B6A6-7DBD21699AAD_1_105_c.jpeg","type":"","width":"","height":""}],"twitter_card":"summary_large_image","twitter_misc":{"Arvioitu lukuaika":"1 minuutti"},"schema":{"@context":"https:\/\/schema.org","@graph":[{"@type":"WebPage","@id":"https:\/\/jciouluntervaporvarit.fi\/index.php\/about","url":"https:\/\/jciouluntervaporvarit.fi\/index.php\/about","name":"Toimintamme - JCI Oulun Tervaporvarit","isPartOf":{"@id":"https:\/\/jciouluntervaporvarit.fi\/#website"},"primaryImageOfPage":{"@id":"https:\/\/jciouluntervaporvarit.fi\/index.php\/about#primaryimage"},"image":{"@id":"https:\/\/jciouluntervaporvarit.fi\/index.php\/about#primaryimage"},"thumbnailUrl":"https:\/\/jciouluntervaporvarit.fi\/wordpress_f\/wp-content\/uploads\/2022\/11\/BD12082C-6DDF-47A6-B6A6-7DBD21699AAD_1_105_c.jpeg","datePublished":"2020-09-15T06:48:29+00:00","dateModified":"2026-02-07T18:48:02+00:00","breadcrumb":{"@id":"https:\/\/jciouluntervaporvarit.fi\/index.php\/about#breadcrumb"},"inLanguage":"fi","potentialAction":[{"@type":"ReadAction","target":["https:\/\/jciouluntervaporvarit.fi\/index.php\/about"]}]},{"@type":"ImageObject","inLanguage":"fi","@id":"https:\/\/jciouluntervaporvarit.fi\/index.php\/about#primaryimage","url":"https:\/\/jciouluntervaporvarit.fi\/wordpress_f\/wp-content\/uploads\/2022\/11\/BD12082C-6DDF-47A6-B6A6-7DBD21699AAD_1_105_c.jpeg","contentUrl":"https:\/\/jciouluntervaporvarit.fi\/wordpress_f\/wp-content\/uploads\/2022\/11\/BD12082C-6DDF-47A6-B6A6-7DBD21699AAD_1_105_c.jpeg","width":1022,"height":768},{"@type":"BreadcrumbList","@id":"https:\/\/jciouluntervaporvarit.fi\/index.php\/about#breadcrumb","itemListElement":[{"@type":"ListItem","position":1,"name":"Etusivu","item":"https:\/\/jciouluntervaporvarit.fi\/"},{"@type":"ListItem","position":2,"name":"Toimintamme"}]},{"@type":"WebSite","@id":"https:\/\/jciouluntervaporvarit.fi\/#website","url":"https:\/\/jciouluntervaporvarit.fi\/","name":"JCI Oulun Tervaporvarien Nuorkauppakamari","description":"JCI Oulun Tervaporvarien Nuorkauppakamari on energinen ja innovatiivinen, aktiivisten alle 40-vuotiaiden nuorten aikuisten kehittymis- ja johtamiskouluttautumisj\u00e4rjest\u00f6. Kamarimme ydinteht\u00e4v\u00e4 on kehitt\u00e4\u00e4 j\u00e4senist\u00f6ns\u00e4 osaamista, verkostoitumista ja menestyst\u00e4 ty\u00f6el\u00e4m\u00e4ss\u00e4. J\u00e4seni\u00e4 kannustetaan osallistumaan koulutuksiin aktiivisesti ja kamari j\u00e4rjest\u00e4\u00e4 itse mielenkiintoista koulutusta j\u00e4senl\u00e4ht\u00f6isesti ja j\u00e4senist\u00f6n ty\u00f6el\u00e4m\u00e4osaamista hy\u00f6dynt\u00e4en.","publisher":{"@id":"https:\/\/jciouluntervaporvarit.fi\/#organization"},"potentialAction":[{"@type":"SearchAction","target":{"@type":"EntryPoint","urlTemplate":"https:\/\/jciouluntervaporvarit.fi\/?s={search_term_string}"},"query-input":{"@type":"PropertyValueSpecification","valueRequired":true,"valueName":"search_term_string"}}],"inLanguage":"fi"},{"@type":"Organization","@id":"https:\/\/jciouluntervaporvarit.fi\/#organization","name":"JCI Oulun Tervaporvarien Nuorkauppakamari","url":"https:\/\/jciouluntervaporvarit.fi\/","logo":{"@type":"ImageObject","inLanguage":"fi","@id":"https:\/\/jciouluntervaporvarit.fi\/#\/schema\/logo\/image\/","url":null,"contentUrl":null,"width":1024,"height":628,"caption":"JCI Oulun Tervaporvarien Nuorkauppakamari"},"image":{"@id":"https:\/\/jciouluntervaporvarit.fi\/#\/schema\/logo\/image\/"},"sameAs":["https:\/\/www.facebook.com\/jciouluntervaporvarit"]}]}},"uagb_featured_image_src":{"full":false,"thumbnail":false,"medium":false,"medium_large":false,"large":false,"1536x1536":false,"2048x2048":false},"uagb_author_info":{"display_name":"admin","author_link":"https:\/\/jciouluntervaporvarit.fi\/index.php\/arkistot\/author\/admin_yoeocgf1"},"uagb_comment_info":0,"uagb_excerpt":"Toimintamme Arvomme Toimintaamme tukevia arvoja ovat rohkea uteliaisuus, vastuullisuus ja &#8221;tervisheimo&#8221;. Toimintamme tukee yksil\u00f6n ja toiminnan oppimista, mik\u00e4 tarkoittaa parempia valintoja ja p\u00e4\u00e4t\u00f6ksi\u00e4 arjessamme ja toiminnassamme. Olemme yhteis\u00f6n\u00e4 my\u00f6s valmiita uudistumaan, ja heitt\u00e4ytym\u00e4\u00e4n kokeilukulttuurin hengess\u00e4. Tervisl\u00e4isyys n\u00e4kyy yhteis\u00f6ss\u00e4 aktiivisena ja merkityksellisen\u00e4 toimintana turvallisessa ja kannustavassa ilmapiiriss\u00e4. Historia Oulun Tervaporvarien Nuorkauppakamari sai alkunsa vuonna 1992, kun&hellip;","jetpack_sharing_enabled":true,"_links":{"self":[{"href":"https:\/\/jciouluntervaporvarit.fi\/index.php\/wp-json\/wp\/v2\/pages\/413","targetHints":{"allow":["GET"]}}],"collection":[{"href":"https:\/\/jciouluntervaporvarit.fi\/index.php\/wp-json\/wp\/v2\/pages"}],"about":[{"href":"https:\/\/jciouluntervaporvarit.fi\/index.php\/wp-json\/wp\/v2\/types\/page"}],"author":[{"embeddable":true,"href":"https:\/\/jciouluntervaporvarit.fi\/index.php\/wp-json\/wp\/v2\/users\/1"}],"replies":[{"embeddable":true,"href":"https:\/\/jciouluntervaporvarit.fi\/index.php\/wp-json\/wp\/v2\/comments?post=413"}],"version-history":[{"count":35,"href":"https:\/\/jciouluntervaporvarit.fi\/index.php\/wp-json\/wp\/v2\/pages\/413\/revisions"}],"predecessor-version":[{"id":1212,"href":"https:\/\/jciouluntervaporvarit.fi\/index.php\/wp-json\/wp\/v2\/pages\/413\/revisions\/1212"}],"wp:attachment":[{"href":"https:\/\/jciouluntervaporvarit.fi\/index.php\/wp-json\/wp\/v2\/media?parent=413"}],"curies":[{"name":"wp","href":"https:\/\/api.w.org\/{rel}","templated":true}]}}