{"id":1532,"date":"2025-08-12T11:34:00","date_gmt":"2025-08-12T08:34:00","guid":{"rendered":"https:\/\/jciouluntervaporvarit.fi\/?page_id=1532"},"modified":"2026-04-09T21:31:23","modified_gmt":"2026-04-09T18:31:23","slug":"merikosken-siltojen-liputus","status":"publish","type":"page","link":"https:\/\/jciouluntervaporvarit.fi\/index.php\/merikosken-siltojen-liputus","title":{"rendered":"merikosken siltojen liputus"},"content":{"rendered":"\n<figure class=\"wp-block-image size-large\"><img loading=\"lazy\" decoding=\"async\" width=\"1024\" height=\"576\" src=\"https:\/\/jciouluntervaporvarit.fi\/wordpress_f\/wp-content\/uploads\/2022\/11\/otnkk_liputus_03-1024x576.jpg\" alt=\"\" class=\"wp-image-654\" srcset=\"https:\/\/jciouluntervaporvarit.fi\/wordpress_f\/wp-content\/uploads\/2022\/11\/otnkk_liputus_03-1024x576.jpg 1024w, https:\/\/jciouluntervaporvarit.fi\/wordpress_f\/wp-content\/uploads\/2022\/11\/otnkk_liputus_03-300x169.jpg 300w, https:\/\/jciouluntervaporvarit.fi\/wordpress_f\/wp-content\/uploads\/2022\/11\/otnkk_liputus_03-768x432.jpg 768w, https:\/\/jciouluntervaporvarit.fi\/wordpress_f\/wp-content\/uploads\/2022\/11\/otnkk_liputus_03-1536x864.jpg 1536w, https:\/\/jciouluntervaporvarit.fi\/wordpress_f\/wp-content\/uploads\/2022\/11\/otnkk_liputus_03-2048x1152.jpg 2048w\" sizes=\"auto, (max-width: 1024px) 100vw, 1024px\" \/><\/figure>\n\n\n\n<figure class=\"wp-block-image size-large\"><img loading=\"lazy\" decoding=\"async\" width=\"576\" height=\"1024\" src=\"https:\/\/jciouluntervaporvarit.fi\/wordpress_f\/wp-content\/uploads\/2025\/08\/Liputuspalvelun-hinnasto-2025-2026-2-576x1024.png\" alt=\"\" class=\"wp-image-1550\" srcset=\"https:\/\/jciouluntervaporvarit.fi\/wordpress_f\/wp-content\/uploads\/2025\/08\/Liputuspalvelun-hinnasto-2025-2026-2-576x1024.png 576w, https:\/\/jciouluntervaporvarit.fi\/wordpress_f\/wp-content\/uploads\/2025\/08\/Liputuspalvelun-hinnasto-2025-2026-2-169x300.png 169w, https:\/\/jciouluntervaporvarit.fi\/wordpress_f\/wp-content\/uploads\/2025\/08\/Liputuspalvelun-hinnasto-2025-2026-2-768x1365.png 768w, https:\/\/jciouluntervaporvarit.fi\/wordpress_f\/wp-content\/uploads\/2025\/08\/Liputuspalvelun-hinnasto-2025-2026-2-864x1536.png 864w, https:\/\/jciouluntervaporvarit.fi\/wordpress_f\/wp-content\/uploads\/2025\/08\/Liputuspalvelun-hinnasto-2025-2026-2.png 1080w\" sizes=\"auto, (max-width: 576px) 100vw, 576px\" \/><\/figure>\n\n\n\n<p><strong>Varatut liputusajankohdat 2026<\/strong><\/p>\n\n\n\n<p>Oulu2026 koko vuosi, paitsi seuraavat ajankohdat:<\/p>\n\n\n\n<p>Veteraanip\u00e4iv\u00e4 27.4.2026<br>Vappu 1.5.2026<br>Eurooppap\u00e4iv\u00e4 9.5.2026<br>Kes\u00e4n yritysliputus 4.5.-31.8.2026<br>Puolustusvoimain lippujuhlan p\u00e4iv\u00e4 4.6.2026<\/p>\n\n\n\n<p>QStock liputus 20.7.-26.7.<\/p>\n\n\n\n<p>Korkeakoulujen avajaisviikko 7.9-13.9.2026<br>Itsen\u00e4isyysp\u00e4iv\u00e4 6.12.2026<\/p>\n\n\n\n<p><strong>Yhteystiedot ja varaukset <\/strong><\/p>\n\n\n\n<p><a href=\"liputus@jciouluntervaporvarit.fi\">liputus@jciouluntervaporvarit.fi <\/a><\/p>\n\n\n\n<p><\/p>\n\n\n\n<p><\/p>\n","protected":false},"excerpt":{"rendered":"<p>Varatut liputusajankohdat 2026 Oulu2026 koko vuosi, paitsi seuraavat ajankohdat: Veteraanip\u00e4iv\u00e4 27.4.2026Vappu 1.5.2026Eurooppap\u00e4iv\u00e4 9.5.2026Kes\u00e4n yritysliputus 4.5.-31.8.2026Puolustusvoimain lippujuhlan p\u00e4iv\u00e4 4.6.2026 QStock liputus 20.7.-26.7. Korkeakoulujen avajaisviikko 7.9-13.9.2026Itsen\u00e4isyysp\u00e4iv\u00e4 6.12.2026 Yhteystiedot ja varaukset liputus@jciouluntervaporvarit.fi<\/p>\n","protected":false},"author":2,"featured_media":0,"parent":0,"menu_order":0,"comment_status":"closed","ping_status":"closed","template":"","meta":{"_uag_custom_page_level_css":"","site-sidebar-layout":"default","site-content-layout":"default","ast-global-header-display":"","ast-banner-title-visibility":"","ast-main-header-display":"","ast-hfb-above-header-display":"","ast-hfb-below-header-display":"","ast-hfb-mobile-header-display":"","site-post-title":"","ast-breadcrumbs-content":"","ast-featured-img":"","footer-sml-layout":"","theme-transparent-header-meta":"","adv-header-id-meta":"","stick-header-meta":"","header-above-stick-meta":"","header-main-stick-meta":"","header-below-stick-meta":"","footnotes":""},"class_list":["post-1532","page","type-page","status-publish","hentry"],"yoast_head":"<!-- This site is optimized with the Yoast SEO plugin v26.3 - https:\/\/yoast.com\/wordpress\/plugins\/seo\/ -->\n<title>merikosken siltojen liputus - JCI Oulun Tervaporvarit<\/title>\n<meta name=\"robots\" content=\"index, follow, max-snippet:-1, max-image-preview:large, max-video-preview:-1\" \/>\n<link rel=\"canonical\" href=\"https:\/\/jciouluntervaporvarit.fi\/index.php\/merikosken-siltojen-liputus\" \/>\n<meta property=\"og:locale\" content=\"fi_FI\" \/>\n<meta property=\"og:type\" content=\"article\" \/>\n<meta property=\"og:title\" content=\"merikosken siltojen liputus - JCI Oulun Tervaporvarit\" \/>\n<meta property=\"og:description\" content=\"Varatut liputusajankohdat 2026 Oulu2026 koko vuosi, paitsi seuraavat ajankohdat: Veteraanip\u00e4iv\u00e4 27.4.2026Vappu 1.5.2026Eurooppap\u00e4iv\u00e4 9.5.2026Kes\u00e4n yritysliputus 4.5.-31.8.2026Puolustusvoimain lippujuhlan p\u00e4iv\u00e4 4.6.2026 QStock liputus 20.7.-26.7. Korkeakoulujen avajaisviikko 7.9-13.9.2026Itsen\u00e4isyysp\u00e4iv\u00e4 6.12.2026 Yhteystiedot ja varaukset liputus@jciouluntervaporvarit.fi\" \/>\n<meta property=\"og:url\" content=\"https:\/\/jciouluntervaporvarit.fi\/index.php\/merikosken-siltojen-liputus\" \/>\n<meta property=\"og:site_name\" content=\"JCI Oulun Tervaporvarit\" \/>\n<meta property=\"article:publisher\" content=\"https:\/\/www.facebook.com\/jciouluntervaporvarit\" \/>\n<meta property=\"article:modified_time\" content=\"2026-04-09T18:31:23+00:00\" \/>\n<meta property=\"og:image\" content=\"https:\/\/jciouluntervaporvarit.fi\/wordpress_f\/wp-content\/uploads\/2022\/11\/otnkk_liputus_03-scaled.jpg\" \/>\n\t<meta property=\"og:image:width\" content=\"2560\" \/>\n\t<meta property=\"og:image:height\" content=\"1440\" \/>\n\t<meta property=\"og:image:type\" content=\"image\/jpeg\" \/>\n<meta name=\"twitter:card\" content=\"summary_large_image\" \/>\n<meta name=\"twitter:label1\" content=\"Arvioitu lukuaika\" \/>\n\t<meta name=\"twitter:data1\" content=\"1 minuutti\" \/>\n<script type=\"application\/ld+json\" class=\"yoast-schema-graph\">{\"@context\":\"https:\/\/schema.org\",\"@graph\":[{\"@type\":\"WebPage\",\"@id\":\"https:\/\/jciouluntervaporvarit.fi\/index.php\/merikosken-siltojen-liputus\",\"url\":\"https:\/\/jciouluntervaporvarit.fi\/index.php\/merikosken-siltojen-liputus\",\"name\":\"merikosken siltojen liputus - JCI Oulun Tervaporvarit\",\"isPartOf\":{\"@id\":\"https:\/\/jciouluntervaporvarit.fi\/#website\"},\"primaryImageOfPage\":{\"@id\":\"https:\/\/jciouluntervaporvarit.fi\/index.php\/merikosken-siltojen-liputus#primaryimage\"},\"image\":{\"@id\":\"https:\/\/jciouluntervaporvarit.fi\/index.php\/merikosken-siltojen-liputus#primaryimage\"},\"thumbnailUrl\":\"https:\/\/jciouluntervaporvarit.fi\/wordpress_f\/wp-content\/uploads\/2022\/11\/otnkk_liputus_03-1024x576.jpg\",\"datePublished\":\"2025-08-12T08:34:00+00:00\",\"dateModified\":\"2026-04-09T18:31:23+00:00\",\"breadcrumb\":{\"@id\":\"https:\/\/jciouluntervaporvarit.fi\/index.php\/merikosken-siltojen-liputus#breadcrumb\"},\"inLanguage\":\"fi\",\"potentialAction\":[{\"@type\":\"ReadAction\",\"target\":[\"https:\/\/jciouluntervaporvarit.fi\/index.php\/merikosken-siltojen-liputus\"]}]},{\"@type\":\"ImageObject\",\"inLanguage\":\"fi\",\"@id\":\"https:\/\/jciouluntervaporvarit.fi\/index.php\/merikosken-siltojen-liputus#primaryimage\",\"url\":\"https:\/\/jciouluntervaporvarit.fi\/wordpress_f\/wp-content\/uploads\/2022\/11\/otnkk_liputus_03-scaled.jpg\",\"contentUrl\":\"https:\/\/jciouluntervaporvarit.fi\/wordpress_f\/wp-content\/uploads\/2022\/11\/otnkk_liputus_03-scaled.jpg\",\"width\":2560,\"height\":1440},{\"@type\":\"BreadcrumbList\",\"@id\":\"https:\/\/jciouluntervaporvarit.fi\/index.php\/merikosken-siltojen-liputus#breadcrumb\",\"itemListElement\":[{\"@type\":\"ListItem\",\"position\":1,\"name\":\"Etusivu\",\"item\":\"https:\/\/jciouluntervaporvarit.fi\/\"},{\"@type\":\"ListItem\",\"position\":2,\"name\":\"merikosken siltojen liputus\"}]},{\"@type\":\"WebSite\",\"@id\":\"https:\/\/jciouluntervaporvarit.fi\/#website\",\"url\":\"https:\/\/jciouluntervaporvarit.fi\/\",\"name\":\"JCI Oulun Tervaporvarien Nuorkauppakamari\",\"description\":\"JCI Oulun Tervaporvarien Nuorkauppakamari on energinen ja innovatiivinen, aktiivisten alle 40-vuotiaiden nuorten aikuisten kehittymis- ja johtamiskouluttautumisj\u00e4rjest\u00f6. Kamarimme ydinteht\u00e4v\u00e4 on kehitt\u00e4\u00e4 j\u00e4senist\u00f6ns\u00e4 osaamista, verkostoitumista ja menestyst\u00e4 ty\u00f6el\u00e4m\u00e4ss\u00e4. J\u00e4seni\u00e4 kannustetaan osallistumaan koulutuksiin aktiivisesti ja kamari j\u00e4rjest\u00e4\u00e4 itse mielenkiintoista koulutusta j\u00e4senl\u00e4ht\u00f6isesti ja j\u00e4senist\u00f6n ty\u00f6el\u00e4m\u00e4osaamista hy\u00f6dynt\u00e4en.\",\"publisher\":{\"@id\":\"https:\/\/jciouluntervaporvarit.fi\/#organization\"},\"potentialAction\":[{\"@type\":\"SearchAction\",\"target\":{\"@type\":\"EntryPoint\",\"urlTemplate\":\"https:\/\/jciouluntervaporvarit.fi\/?s={search_term_string}\"},\"query-input\":{\"@type\":\"PropertyValueSpecification\",\"valueRequired\":true,\"valueName\":\"search_term_string\"}}],\"inLanguage\":\"fi\"},{\"@type\":\"Organization\",\"@id\":\"https:\/\/jciouluntervaporvarit.fi\/#organization\",\"name\":\"JCI Oulun Tervaporvarien Nuorkauppakamari\",\"url\":\"https:\/\/jciouluntervaporvarit.fi\/\",\"logo\":{\"@type\":\"ImageObject\",\"inLanguage\":\"fi\",\"@id\":\"https:\/\/jciouluntervaporvarit.fi\/#\/schema\/logo\/image\/\",\"url\":null,\"contentUrl\":null,\"width\":1024,\"height\":628,\"caption\":\"JCI Oulun Tervaporvarien Nuorkauppakamari\"},\"image\":{\"@id\":\"https:\/\/jciouluntervaporvarit.fi\/#\/schema\/logo\/image\/\"},\"sameAs\":[\"https:\/\/www.facebook.com\/jciouluntervaporvarit\"]}]}<\/script>\n<!-- \/ Yoast SEO plugin. -->","yoast_head_json":{"title":"merikosken siltojen liputus - JCI Oulun Tervaporvarit","robots":{"index":"index","follow":"follow","max-snippet":"max-snippet:-1","max-image-preview":"max-image-preview:large","max-video-preview":"max-video-preview:-1"},"canonical":"https:\/\/jciouluntervaporvarit.fi\/index.php\/merikosken-siltojen-liputus","og_locale":"fi_FI","og_type":"article","og_title":"merikosken siltojen liputus - JCI Oulun Tervaporvarit","og_description":"Varatut liputusajankohdat 2026 Oulu2026 koko vuosi, paitsi seuraavat ajankohdat: Veteraanip\u00e4iv\u00e4 27.4.2026Vappu 1.5.2026Eurooppap\u00e4iv\u00e4 9.5.2026Kes\u00e4n yritysliputus 4.5.-31.8.2026Puolustusvoimain lippujuhlan p\u00e4iv\u00e4 4.6.2026 QStock liputus 20.7.-26.7. Korkeakoulujen avajaisviikko 7.9-13.9.2026Itsen\u00e4isyysp\u00e4iv\u00e4 6.12.2026 Yhteystiedot ja varaukset liputus@jciouluntervaporvarit.fi","og_url":"https:\/\/jciouluntervaporvarit.fi\/index.php\/merikosken-siltojen-liputus","og_site_name":"JCI Oulun Tervaporvarit","article_publisher":"https:\/\/www.facebook.com\/jciouluntervaporvarit","article_modified_time":"2026-04-09T18:31:23+00:00","og_image":[{"width":2560,"height":1440,"url":"https:\/\/jciouluntervaporvarit.fi\/wordpress_f\/wp-content\/uploads\/2022\/11\/otnkk_liputus_03-scaled.jpg","type":"image\/jpeg"}],"twitter_card":"summary_large_image","twitter_misc":{"Arvioitu lukuaika":"1 minuutti"},"schema":{"@context":"https:\/\/schema.org","@graph":[{"@type":"WebPage","@id":"https:\/\/jciouluntervaporvarit.fi\/index.php\/merikosken-siltojen-liputus","url":"https:\/\/jciouluntervaporvarit.fi\/index.php\/merikosken-siltojen-liputus","name":"merikosken siltojen liputus - JCI Oulun Tervaporvarit","isPartOf":{"@id":"https:\/\/jciouluntervaporvarit.fi\/#website"},"primaryImageOfPage":{"@id":"https:\/\/jciouluntervaporvarit.fi\/index.php\/merikosken-siltojen-liputus#primaryimage"},"image":{"@id":"https:\/\/jciouluntervaporvarit.fi\/index.php\/merikosken-siltojen-liputus#primaryimage"},"thumbnailUrl":"https:\/\/jciouluntervaporvarit.fi\/wordpress_f\/wp-content\/uploads\/2022\/11\/otnkk_liputus_03-1024x576.jpg","datePublished":"2025-08-12T08:34:00+00:00","dateModified":"2026-04-09T18:31:23+00:00","breadcrumb":{"@id":"https:\/\/jciouluntervaporvarit.fi\/index.php\/merikosken-siltojen-liputus#breadcrumb"},"inLanguage":"fi","potentialAction":[{"@type":"ReadAction","target":["https:\/\/jciouluntervaporvarit.fi\/index.php\/merikosken-siltojen-liputus"]}]},{"@type":"ImageObject","inLanguage":"fi","@id":"https:\/\/jciouluntervaporvarit.fi\/index.php\/merikosken-siltojen-liputus#primaryimage","url":"https:\/\/jciouluntervaporvarit.fi\/wordpress_f\/wp-content\/uploads\/2022\/11\/otnkk_liputus_03-scaled.jpg","contentUrl":"https:\/\/jciouluntervaporvarit.fi\/wordpress_f\/wp-content\/uploads\/2022\/11\/otnkk_liputus_03-scaled.jpg","width":2560,"height":1440},{"@type":"BreadcrumbList","@id":"https:\/\/jciouluntervaporvarit.fi\/index.php\/merikosken-siltojen-liputus#breadcrumb","itemListElement":[{"@type":"ListItem","position":1,"name":"Etusivu","item":"https:\/\/jciouluntervaporvarit.fi\/"},{"@type":"ListItem","position":2,"name":"merikosken siltojen liputus"}]},{"@type":"WebSite","@id":"https:\/\/jciouluntervaporvarit.fi\/#website","url":"https:\/\/jciouluntervaporvarit.fi\/","name":"JCI Oulun Tervaporvarien Nuorkauppakamari","description":"JCI Oulun Tervaporvarien Nuorkauppakamari on energinen ja innovatiivinen, aktiivisten alle 40-vuotiaiden nuorten aikuisten kehittymis- ja johtamiskouluttautumisj\u00e4rjest\u00f6. Kamarimme ydinteht\u00e4v\u00e4 on kehitt\u00e4\u00e4 j\u00e4senist\u00f6ns\u00e4 osaamista, verkostoitumista ja menestyst\u00e4 ty\u00f6el\u00e4m\u00e4ss\u00e4. J\u00e4seni\u00e4 kannustetaan osallistumaan koulutuksiin aktiivisesti ja kamari j\u00e4rjest\u00e4\u00e4 itse mielenkiintoista koulutusta j\u00e4senl\u00e4ht\u00f6isesti ja j\u00e4senist\u00f6n ty\u00f6el\u00e4m\u00e4osaamista hy\u00f6dynt\u00e4en.","publisher":{"@id":"https:\/\/jciouluntervaporvarit.fi\/#organization"},"potentialAction":[{"@type":"SearchAction","target":{"@type":"EntryPoint","urlTemplate":"https:\/\/jciouluntervaporvarit.fi\/?s={search_term_string}"},"query-input":{"@type":"PropertyValueSpecification","valueRequired":true,"valueName":"search_term_string"}}],"inLanguage":"fi"},{"@type":"Organization","@id":"https:\/\/jciouluntervaporvarit.fi\/#organization","name":"JCI Oulun Tervaporvarien Nuorkauppakamari","url":"https:\/\/jciouluntervaporvarit.fi\/","logo":{"@type":"ImageObject","inLanguage":"fi","@id":"https:\/\/jciouluntervaporvarit.fi\/#\/schema\/logo\/image\/","url":null,"contentUrl":null,"width":1024,"height":628,"caption":"JCI Oulun Tervaporvarien Nuorkauppakamari"},"image":{"@id":"https:\/\/jciouluntervaporvarit.fi\/#\/schema\/logo\/image\/"},"sameAs":["https:\/\/www.facebook.com\/jciouluntervaporvarit"]}]}},"uagb_featured_image_src":{"full":false,"thumbnail":false,"medium":false,"medium_large":false,"large":false,"1536x1536":false,"2048x2048":false},"uagb_author_info":{"display_name":"Jenna Enbuska","author_link":"https:\/\/jciouluntervaporvarit.fi\/index.php\/arkistot\/author\/jenna"},"uagb_comment_info":0,"uagb_excerpt":"Varatut liputusajankohdat 2026 Oulu2026 koko vuosi, paitsi seuraavat ajankohdat: Veteraanip\u00e4iv\u00e4 27.4.2026Vappu 1.5.2026Eurooppap\u00e4iv\u00e4 9.5.2026Kes\u00e4n yritysliputus 4.5.-31.8.2026Puolustusvoimain lippujuhlan p\u00e4iv\u00e4 4.6.2026 QStock liputus 20.7.-26.7. Korkeakoulujen avajaisviikko 7.9-13.9.2026Itsen\u00e4isyysp\u00e4iv\u00e4 6.12.2026 Yhteystiedot ja varaukset liputus@jciouluntervaporvarit.fi","jetpack_sharing_enabled":true,"_links":{"self":[{"href":"https:\/\/jciouluntervaporvarit.fi\/index.php\/wp-json\/wp\/v2\/pages\/1532","targetHints":{"allow":["GET"]}}],"collection":[{"href":"https:\/\/jciouluntervaporvarit.fi\/index.php\/wp-json\/wp\/v2\/pages"}],"about":[{"href":"https:\/\/jciouluntervaporvarit.fi\/index.php\/wp-json\/wp\/v2\/types\/page"}],"author":[{"embeddable":true,"href":"https:\/\/jciouluntervaporvarit.fi\/index.php\/wp-json\/wp\/v2\/users\/2"}],"replies":[{"embeddable":true,"href":"https:\/\/jciouluntervaporvarit.fi\/index.php\/wp-json\/wp\/v2\/comments?post=1532"}],"version-history":[{"count":21,"href":"https:\/\/jciouluntervaporvarit.fi\/index.php\/wp-json\/wp\/v2\/pages\/1532\/revisions"}],"predecessor-version":[{"id":1801,"href":"https:\/\/jciouluntervaporvarit.fi\/index.php\/wp-json\/wp\/v2\/pages\/1532\/revisions\/1801"}],"wp:attachment":[{"href":"https:\/\/jciouluntervaporvarit.fi\/index.php\/wp-json\/wp\/v2\/media?parent=1532"}],"curies":[{"name":"wp","href":"https:\/\/api.w.org\/{rel}","templated":true}]}}