{"id":1116,"date":"2022-12-19T14:09:39","date_gmt":"2022-12-19T14:09:39","guid":{"rendered":"https:\/\/jciouluntervaporvarit.fi\/wordpress_f\/?page_id=1116"},"modified":"2025-03-03T07:17:06","modified_gmt":"2025-03-03T07:17:06","slug":"rekisteriseloste","status":"publish","type":"page","link":"https:\/\/jciouluntervaporvarit.fi\/index.php\/rekisteriseloste","title":{"rendered":"REKISTERIseloste"},"content":{"rendered":"\n<hr class=\"wp-block-separator has-alpha-channel-opacity\"\/>\n\n\n\n<p><strong>1.&nbsp;&nbsp;&nbsp;&nbsp;Rekisterinpit\u00e4j\u00e4<\/strong><\/p>\n\n\n\n<p>Oulun Tervaporvarien Nuorkauppakamari ry<br>Y-tunnus: 1084841-9<\/p>\n\n\n\n<p><strong>2.&nbsp;&nbsp;&nbsp;&nbsp;Yhteyshenkil\u00f6 rekisteriasioissa<\/strong><\/p>\n\n\n\n<p>Oulun Tervaporvarien Nuorkauppakamari ry:n hallituksen puheenjohtaja<\/p>\n\n\n\n<p>email: pres(a)jciouluntervaporvarit.fi<\/p>\n\n\n\n<p><strong>3.&nbsp;&nbsp;&nbsp; Keit\u00e4 olemme<\/strong><\/p>\n\n\n\n<p>Oulun Tervaporvarien Nuorkauppakamari on Oulun alueella toimiva nuorten aikuisten kouluttautumisj\u00e4rjest\u00f6.<\/p>\n\n\n\n<p><strong>4.&nbsp;&nbsp;&nbsp;&nbsp;Mit\u00e4 henkil\u00f6tietoja ker\u00e4\u00e4mme ja miksi?<\/strong><\/p>\n\n\n\n<p>Henkil\u00f6tietojen k\u00e4ytt\u00f6tarkoituksena on Oulun Tervaporvarien Nuorkauppakamarin j\u00e4senyyksien (koej\u00e4sen, j\u00e4sen, kunniaj\u00e4sen, senaattori) yll\u00e4pito sek\u00e4 viestint\u00e4- ja markkinointitoimenpiteet, kuten ajankohtainen tiedotus kamarin sis\u00e4ll\u00e4 rekister\u00f6idyn antaman suostumuksen perusteella. Lis\u00e4ksi tietoja ker\u00e4t\u00e4\u00e4n kamarin tapahtumiin osallistumisen yhteydess\u00e4. Varsinaista j\u00e4senrekisteri\u00e4mme M-Filesissa hallinnoi Suomen Nuorkauppakamarit ry.<\/p>\n\n\n\n<p><strong>5.&nbsp;&nbsp;&nbsp;&nbsp;Henkil\u00f6tietojen k\u00e4sittely<\/strong><\/p>\n\n\n\n<p>Oulun Tervaporvarien Nuorkauppakamarin j\u00e4senrekisteri\u00e4 yll\u00e4pidet\u00e4\u00e4n M-Files-tietoj\u00e4rjestelm\u00e4ss\u00e4, jossa on kaikkien Suomen nuorkauppakamareiden j\u00e4sentiedot ja jota hallinnoi Suomen Nuorkauppakamarit ry. Kun liityt koej\u00e4seneksi, tietosi tallennetaan j\u00e4senrekisteriin. J\u00e4rjestelm\u00e4ss\u00e4 kirjautuneille k\u00e4ytt\u00e4jille n\u00e4kyvi\u00e4 julkisia tietoja ovat nimi, j\u00e4senstatus, puhelinnumero, s\u00e4hk\u00f6postiosoite, l\u00e4hiosoite, postinumero, postitoimipaikka ja yritys (ty\u00f6nantaja). Jokaisella on mahdollisuus milloin tahansa muuttaa tietojaan itsen\u00e4isesti s\u00e4hk\u00f6iseen j\u00e4rjestelm\u00e4\u00e4n.<\/p>\n\n\n\n<p>K\u00e4sittelemme lis\u00e4ksi sinulta saamiamme tietoja, jotka olet antanut meille<\/p>\n\n\n\n<ul class=\"wp-block-list\">\n<li>T\u00e4ytt\u00e4ess\u00e4si j\u00e4senkyselyn<\/li>\n\n\n\n<li>Tapahtumien ilmoittautumisten yhteydess\u00e4<\/li>\n<\/ul>\n\n\n\n<p>K\u00e4sittelemme henkil\u00f6tietojasi&nbsp;<\/p>\n\n\n\n<ul class=\"wp-block-list\">\n<li>j\u00e4senpalveluiden tuottamiseen, hallitsemiseen, kehitt\u00e4miseen<\/li>\n\n\n\n<li>j\u00e4senyyden hallinnointiin<\/li>\n<\/ul>\n\n\n\n<p><strong>6.&nbsp;&nbsp;&nbsp;&nbsp;Henkil\u00f6tietojen s\u00e4\u00e4nn\u00f6nmukaiset tietol\u00e4hteet<\/strong><\/p>\n\n\n\n<p>Rekistereihin tallennettavat tiedot ker\u00e4t\u00e4\u00e4n rekister\u00f6idyilt\u00e4 itselt\u00e4\u00e4n tai niiden ker\u00e4\u00e4minen perustuu rekister\u00f6idyn nimenomaisesti antamaan suostumukseen. Henkil\u00f6tietoja ei ker\u00e4t\u00e4 ulkopuolisista tietol\u00e4hteist\u00e4.<\/p>\n\n\n\n<p><strong>7.&nbsp;&nbsp;&nbsp;&nbsp;Henkil\u00f6tietojen vastaanottajaryhm\u00e4t ja luovutukset EU:n tai ETA:n ulkopuolelle<\/strong><\/p>\n\n\n\n<p>Rekistereiden tietoja ei p\u00e4\u00e4s\u00e4\u00e4nt\u00f6isesti luovuteta kolmansille osapuolille. Tapahtumiin tai projekteihin osallistuneiden yhteystiedot voidaan jakaa tapahtumassa mukana olleiden yhteisty\u00f6tahojen kesken. Henkil\u00f6 voi erikseen kielt\u00e4\u00e4 yhteystietojen jakamisen markkinointitarkoituksiin.<\/p>\n\n\n\n<p>Rekisteriin ker\u00e4ttyj\u00e4 tietoja ei luovuteta EU:n tai Euroopan talousalueen ulkopuolelle.<\/p>\n\n\n\n<p><strong>8.&nbsp;&nbsp;&nbsp;&nbsp;Henkil\u00f6tietojen s\u00e4ilytysaika<\/strong><\/p>\n\n\n\n<p>Poistamme vanhentuneet, tarpeettomat ja virheelliset henkil\u00f6tiedot heti saatuamme t\u00e4st\u00e4 tiedon.<\/p>\n\n\n\n<p>J\u00e4senen tietoja k\u00e4sittelemme ja s\u00e4ilyt\u00e4mme niin kauan kuin rekister\u00f6ity on yhdistyksen j\u00e4senen\u00e4 (senaattorin ja kunniaj\u00e4senen l\u00e4ht\u00f6kohtaisesti koko elini\u00e4n). Kirjanpidosta ilmenevi\u00e4 henkil\u00f6tietoja k\u00e4sitell\u00e4\u00e4n kuusi vuotta tilikauden p\u00e4\u00e4ttymisen j\u00e4lkeen.<\/p>\n\n\n\n<p>Edell\u00e4 esitettyjen ajankohtien j\u00e4lkeen pyrimme poistamaan rekister\u00f6idyn henkil\u00f6tiedot viipym\u00e4tt\u00e4.<\/p>\n\n\n\n<p>Uusiksi koej\u00e4seniksi hakijoiden tietoja k\u00e4sittelemme hakuprosessin ajan ja koej\u00e4seneksi valitun tiedot siirret\u00e4\u00e4n j\u00e4senrekisteri m-filesiin.<\/p>\n\n\n\n<p><strong>9.&nbsp;&nbsp;&nbsp; Henkil\u00f6tietojen suojaamista koskevat turvatoimet ja menettelyt<\/strong><\/p>\n\n\n\n<p>Rekisteri\u00e4 s\u00e4ilytet\u00e4\u00e4n s\u00e4hk\u00f6isesti ja suojattuna asianmukaisesti teknisin suojakeinon ja tietosuojamenetelmin. <\/p>\n\n\n\n<p><strong>10.&nbsp; Oikeutesi rekister\u00f6ityn\u00e4<\/strong><\/p>\n\n\n\n<p>Rekister\u00f6idyll\u00e4 on oikeus saada tiet\u00e4\u00e4, mit\u00e4 h\u00e4nt\u00e4 koskevia tietoja rekisteriin on tallennettu, tai ettei rekisteriss\u00e4 ole h\u00e4nt\u00e4 koskevia tietoja. Rekister\u00f6idyll\u00e4 on oikeus pyyt\u00e4\u00e4 h\u00e4nest\u00e4 tallennettujen tietojen korjaamista, poistamista tai t\u00e4ydent\u00e4mist\u00e4, mik\u00e4li tallennetut tiedot ovat virheellisi\u00e4, tarpeettomia, puutteellisia tai vanhentuneita t\u00e4ss\u00e4 rekisteriselosteessa yksil\u00f6idyn tietojenk\u00e4sittelyn ja keruun tarkoituksen kannalta. Lis\u00e4ksi rekister\u00f6idyll\u00e4 on oikeus pyyt\u00e4\u00e4 henkil\u00f6tietojaan koskevan k\u00e4sittelyn rajoittamista sek\u00e4 oikeus pyyt\u00e4\u00e4 henkil\u00f6tiedot siirrett\u00e4v\u00e4ksi j\u00e4rjestelm\u00e4st\u00e4 toiseen. Rekister\u00f6idyll\u00e4 on oikeus peruuttaa suostumuksensa henkil\u00f6tietojen k\u00e4sittelyyn sek\u00e4 henkil\u00f6kohtaiseen erityiseen tilanteeseensa liittyv\u00e4ll\u00e4 perusteella v<\/p>\n","protected":false},"excerpt":{"rendered":"<p>1.&nbsp;&nbsp;&nbsp;&nbsp;Rekisterinpit\u00e4j\u00e4 Oulun Tervaporvarien Nuorkauppakamari ryY-tunnus: 1084841-9 2.&nbsp;&nbsp;&nbsp;&nbsp;Yhteyshenkil\u00f6 rekisteriasioissa Oulun Tervaporvarien Nuorkauppakamari ry:n hallituksen puheenjohtaja email: pres(a)jciouluntervaporvarit.fi 3.&nbsp;&nbsp;&nbsp; Keit\u00e4 olemme Oulun Tervaporvarien Nuorkauppakamari on Oulun alueella toimiva nuorten aikuisten kouluttautumisj\u00e4rjest\u00f6. 4.&nbsp;&nbsp;&nbsp;&nbsp;Mit\u00e4 henkil\u00f6tietoja ker\u00e4\u00e4mme ja miksi? Henkil\u00f6tietojen k\u00e4ytt\u00f6tarkoituksena on Oulun Tervaporvarien Nuorkauppakamarin j\u00e4senyyksien (koej\u00e4sen, j\u00e4sen, kunniaj\u00e4sen, senaattori) yll\u00e4pito sek\u00e4 viestint\u00e4- ja markkinointitoimenpiteet, kuten ajankohtainen tiedotus kamarin sis\u00e4ll\u00e4 &hellip;<\/p>\n<p class=\"read-more\"> <a class=\"\" href=\"https:\/\/jciouluntervaporvarit.fi\/index.php\/rekisteriseloste\"> <span class=\"screen-reader-text\">REKISTERIseloste<\/span> Lue lis\u00e4\u00e4 &raquo;<\/a><\/p>\n","protected":false},"author":1,"featured_media":0,"parent":0,"menu_order":0,"comment_status":"closed","ping_status":"closed","template":"","meta":{"_uag_custom_page_level_css":"","site-sidebar-layout":"default","site-content-layout":"default","ast-global-header-display":"","ast-banner-title-visibility":"","ast-main-header-display":"","ast-hfb-above-header-display":"","ast-hfb-below-header-display":"","ast-hfb-mobile-header-display":"","site-post-title":"","ast-breadcrumbs-content":"","ast-featured-img":"","footer-sml-layout":"","theme-transparent-header-meta":"","adv-header-id-meta":"","stick-header-meta":"","header-above-stick-meta":"","header-main-stick-meta":"","header-below-stick-meta":"","footnotes":""},"class_list":["post-1116","page","type-page","status-publish","hentry"],"yoast_head":"<!-- This site is optimized with the Yoast SEO plugin v26.3 - https:\/\/yoast.com\/wordpress\/plugins\/seo\/ -->\n<title>REKISTERIseloste - JCI Oulun Tervaporvarit<\/title>\n<meta name=\"robots\" content=\"index, follow, max-snippet:-1, max-image-preview:large, max-video-preview:-1\" \/>\n<link rel=\"canonical\" href=\"https:\/\/jciouluntervaporvarit.fi\/index.php\/rekisteriseloste\" \/>\n<meta property=\"og:locale\" content=\"fi_FI\" \/>\n<meta property=\"og:type\" content=\"article\" \/>\n<meta property=\"og:title\" content=\"REKISTERIseloste - JCI Oulun Tervaporvarit\" \/>\n<meta property=\"og:description\" content=\"1.&nbsp;&nbsp;&nbsp;&nbsp;Rekisterinpit\u00e4j\u00e4 Oulun Tervaporvarien Nuorkauppakamari ryY-tunnus: 1084841-9 2.&nbsp;&nbsp;&nbsp;&nbsp;Yhteyshenkil\u00f6 rekisteriasioissa Oulun Tervaporvarien Nuorkauppakamari ry:n hallituksen puheenjohtaja email: pres(a)jciouluntervaporvarit.fi 3.&nbsp;&nbsp;&nbsp; Keit\u00e4 olemme Oulun Tervaporvarien Nuorkauppakamari on Oulun alueella toimiva nuorten aikuisten kouluttautumisj\u00e4rjest\u00f6. 4.&nbsp;&nbsp;&nbsp;&nbsp;Mit\u00e4 henkil\u00f6tietoja ker\u00e4\u00e4mme ja miksi? Henkil\u00f6tietojen k\u00e4ytt\u00f6tarkoituksena on Oulun Tervaporvarien Nuorkauppakamarin j\u00e4senyyksien (koej\u00e4sen, j\u00e4sen, kunniaj\u00e4sen, senaattori) yll\u00e4pito sek\u00e4 viestint\u00e4- ja markkinointitoimenpiteet, kuten ajankohtainen tiedotus kamarin sis\u00e4ll\u00e4 &hellip; REKISTERIseloste Lue lis\u00e4\u00e4 &raquo;\" \/>\n<meta property=\"og:url\" content=\"https:\/\/jciouluntervaporvarit.fi\/index.php\/rekisteriseloste\" \/>\n<meta property=\"og:site_name\" content=\"JCI Oulun Tervaporvarit\" \/>\n<meta property=\"article:publisher\" content=\"https:\/\/www.facebook.com\/jciouluntervaporvarit\" \/>\n<meta property=\"article:modified_time\" content=\"2025-03-03T07:17:06+00:00\" \/>\n<meta name=\"twitter:card\" content=\"summary_large_image\" \/>\n<meta name=\"twitter:label1\" content=\"Arvioitu lukuaika\" \/>\n\t<meta name=\"twitter:data1\" content=\"3 minuuttia\" \/>\n<script type=\"application\/ld+json\" class=\"yoast-schema-graph\">{\"@context\":\"https:\/\/schema.org\",\"@graph\":[{\"@type\":\"WebPage\",\"@id\":\"https:\/\/jciouluntervaporvarit.fi\/index.php\/rekisteriseloste\",\"url\":\"https:\/\/jciouluntervaporvarit.fi\/index.php\/rekisteriseloste\",\"name\":\"REKISTERIseloste - JCI Oulun Tervaporvarit\",\"isPartOf\":{\"@id\":\"https:\/\/jciouluntervaporvarit.fi\/#website\"},\"datePublished\":\"2022-12-19T14:09:39+00:00\",\"dateModified\":\"2025-03-03T07:17:06+00:00\",\"breadcrumb\":{\"@id\":\"https:\/\/jciouluntervaporvarit.fi\/index.php\/rekisteriseloste#breadcrumb\"},\"inLanguage\":\"fi\",\"potentialAction\":[{\"@type\":\"ReadAction\",\"target\":[\"https:\/\/jciouluntervaporvarit.fi\/index.php\/rekisteriseloste\"]}]},{\"@type\":\"BreadcrumbList\",\"@id\":\"https:\/\/jciouluntervaporvarit.fi\/index.php\/rekisteriseloste#breadcrumb\",\"itemListElement\":[{\"@type\":\"ListItem\",\"position\":1,\"name\":\"Etusivu\",\"item\":\"https:\/\/jciouluntervaporvarit.fi\/\"},{\"@type\":\"ListItem\",\"position\":2,\"name\":\"REKISTERIseloste\"}]},{\"@type\":\"WebSite\",\"@id\":\"https:\/\/jciouluntervaporvarit.fi\/#website\",\"url\":\"https:\/\/jciouluntervaporvarit.fi\/\",\"name\":\"JCI Oulun Tervaporvarien Nuorkauppakamari\",\"description\":\"JCI Oulun Tervaporvarien Nuorkauppakamari on energinen ja innovatiivinen, aktiivisten alle 40-vuotiaiden nuorten aikuisten kehittymis- ja johtamiskouluttautumisj\u00e4rjest\u00f6. Kamarimme ydinteht\u00e4v\u00e4 on kehitt\u00e4\u00e4 j\u00e4senist\u00f6ns\u00e4 osaamista, verkostoitumista ja menestyst\u00e4 ty\u00f6el\u00e4m\u00e4ss\u00e4. J\u00e4seni\u00e4 kannustetaan osallistumaan koulutuksiin aktiivisesti ja kamari j\u00e4rjest\u00e4\u00e4 itse mielenkiintoista koulutusta j\u00e4senl\u00e4ht\u00f6isesti ja j\u00e4senist\u00f6n ty\u00f6el\u00e4m\u00e4osaamista hy\u00f6dynt\u00e4en.\",\"publisher\":{\"@id\":\"https:\/\/jciouluntervaporvarit.fi\/#organization\"},\"potentialAction\":[{\"@type\":\"SearchAction\",\"target\":{\"@type\":\"EntryPoint\",\"urlTemplate\":\"https:\/\/jciouluntervaporvarit.fi\/?s={search_term_string}\"},\"query-input\":{\"@type\":\"PropertyValueSpecification\",\"valueRequired\":true,\"valueName\":\"search_term_string\"}}],\"inLanguage\":\"fi\"},{\"@type\":\"Organization\",\"@id\":\"https:\/\/jciouluntervaporvarit.fi\/#organization\",\"name\":\"JCI Oulun Tervaporvarien Nuorkauppakamari\",\"url\":\"https:\/\/jciouluntervaporvarit.fi\/\",\"logo\":{\"@type\":\"ImageObject\",\"inLanguage\":\"fi\",\"@id\":\"https:\/\/jciouluntervaporvarit.fi\/#\/schema\/logo\/image\/\",\"url\":null,\"contentUrl\":null,\"width\":1024,\"height\":628,\"caption\":\"JCI Oulun Tervaporvarien Nuorkauppakamari\"},\"image\":{\"@id\":\"https:\/\/jciouluntervaporvarit.fi\/#\/schema\/logo\/image\/\"},\"sameAs\":[\"https:\/\/www.facebook.com\/jciouluntervaporvarit\"]}]}<\/script>\n<!-- \/ Yoast SEO plugin. -->","yoast_head_json":{"title":"REKISTERIseloste - JCI Oulun Tervaporvarit","robots":{"index":"index","follow":"follow","max-snippet":"max-snippet:-1","max-image-preview":"max-image-preview:large","max-video-preview":"max-video-preview:-1"},"canonical":"https:\/\/jciouluntervaporvarit.fi\/index.php\/rekisteriseloste","og_locale":"fi_FI","og_type":"article","og_title":"REKISTERIseloste - JCI Oulun Tervaporvarit","og_description":"1.&nbsp;&nbsp;&nbsp;&nbsp;Rekisterinpit\u00e4j\u00e4 Oulun Tervaporvarien Nuorkauppakamari ryY-tunnus: 1084841-9 2.&nbsp;&nbsp;&nbsp;&nbsp;Yhteyshenkil\u00f6 rekisteriasioissa Oulun Tervaporvarien Nuorkauppakamari ry:n hallituksen puheenjohtaja email: pres(a)jciouluntervaporvarit.fi 3.&nbsp;&nbsp;&nbsp; Keit\u00e4 olemme Oulun Tervaporvarien Nuorkauppakamari on Oulun alueella toimiva nuorten aikuisten kouluttautumisj\u00e4rjest\u00f6. 4.&nbsp;&nbsp;&nbsp;&nbsp;Mit\u00e4 henkil\u00f6tietoja ker\u00e4\u00e4mme ja miksi? Henkil\u00f6tietojen k\u00e4ytt\u00f6tarkoituksena on Oulun Tervaporvarien Nuorkauppakamarin j\u00e4senyyksien (koej\u00e4sen, j\u00e4sen, kunniaj\u00e4sen, senaattori) yll\u00e4pito sek\u00e4 viestint\u00e4- ja markkinointitoimenpiteet, kuten ajankohtainen tiedotus kamarin sis\u00e4ll\u00e4 &hellip; REKISTERIseloste Lue lis\u00e4\u00e4 &raquo;","og_url":"https:\/\/jciouluntervaporvarit.fi\/index.php\/rekisteriseloste","og_site_name":"JCI Oulun Tervaporvarit","article_publisher":"https:\/\/www.facebook.com\/jciouluntervaporvarit","article_modified_time":"2025-03-03T07:17:06+00:00","twitter_card":"summary_large_image","twitter_misc":{"Arvioitu lukuaika":"3 minuuttia"},"schema":{"@context":"https:\/\/schema.org","@graph":[{"@type":"WebPage","@id":"https:\/\/jciouluntervaporvarit.fi\/index.php\/rekisteriseloste","url":"https:\/\/jciouluntervaporvarit.fi\/index.php\/rekisteriseloste","name":"REKISTERIseloste - JCI Oulun Tervaporvarit","isPartOf":{"@id":"https:\/\/jciouluntervaporvarit.fi\/#website"},"datePublished":"2022-12-19T14:09:39+00:00","dateModified":"2025-03-03T07:17:06+00:00","breadcrumb":{"@id":"https:\/\/jciouluntervaporvarit.fi\/index.php\/rekisteriseloste#breadcrumb"},"inLanguage":"fi","potentialAction":[{"@type":"ReadAction","target":["https:\/\/jciouluntervaporvarit.fi\/index.php\/rekisteriseloste"]}]},{"@type":"BreadcrumbList","@id":"https:\/\/jciouluntervaporvarit.fi\/index.php\/rekisteriseloste#breadcrumb","itemListElement":[{"@type":"ListItem","position":1,"name":"Etusivu","item":"https:\/\/jciouluntervaporvarit.fi\/"},{"@type":"ListItem","position":2,"name":"REKISTERIseloste"}]},{"@type":"WebSite","@id":"https:\/\/jciouluntervaporvarit.fi\/#website","url":"https:\/\/jciouluntervaporvarit.fi\/","name":"JCI Oulun Tervaporvarien Nuorkauppakamari","description":"JCI Oulun Tervaporvarien Nuorkauppakamari on energinen ja innovatiivinen, aktiivisten alle 40-vuotiaiden nuorten aikuisten kehittymis- ja johtamiskouluttautumisj\u00e4rjest\u00f6. Kamarimme ydinteht\u00e4v\u00e4 on kehitt\u00e4\u00e4 j\u00e4senist\u00f6ns\u00e4 osaamista, verkostoitumista ja menestyst\u00e4 ty\u00f6el\u00e4m\u00e4ss\u00e4. J\u00e4seni\u00e4 kannustetaan osallistumaan koulutuksiin aktiivisesti ja kamari j\u00e4rjest\u00e4\u00e4 itse mielenkiintoista koulutusta j\u00e4senl\u00e4ht\u00f6isesti ja j\u00e4senist\u00f6n ty\u00f6el\u00e4m\u00e4osaamista hy\u00f6dynt\u00e4en.","publisher":{"@id":"https:\/\/jciouluntervaporvarit.fi\/#organization"},"potentialAction":[{"@type":"SearchAction","target":{"@type":"EntryPoint","urlTemplate":"https:\/\/jciouluntervaporvarit.fi\/?s={search_term_string}"},"query-input":{"@type":"PropertyValueSpecification","valueRequired":true,"valueName":"search_term_string"}}],"inLanguage":"fi"},{"@type":"Organization","@id":"https:\/\/jciouluntervaporvarit.fi\/#organization","name":"JCI Oulun Tervaporvarien Nuorkauppakamari","url":"https:\/\/jciouluntervaporvarit.fi\/","logo":{"@type":"ImageObject","inLanguage":"fi","@id":"https:\/\/jciouluntervaporvarit.fi\/#\/schema\/logo\/image\/","url":null,"contentUrl":null,"width":1024,"height":628,"caption":"JCI Oulun Tervaporvarien Nuorkauppakamari"},"image":{"@id":"https:\/\/jciouluntervaporvarit.fi\/#\/schema\/logo\/image\/"},"sameAs":["https:\/\/www.facebook.com\/jciouluntervaporvarit"]}]}},"uagb_featured_image_src":{"full":false,"thumbnail":false,"medium":false,"medium_large":false,"large":false,"1536x1536":false,"2048x2048":false},"uagb_author_info":{"display_name":"admin","author_link":"https:\/\/jciouluntervaporvarit.fi\/index.php\/arkistot\/author\/admin_yoeocgf1"},"uagb_comment_info":0,"uagb_excerpt":"1.&nbsp;&nbsp;&nbsp;&nbsp;Rekisterinpit\u00e4j\u00e4 Oulun Tervaporvarien Nuorkauppakamari ryY-tunnus: 1084841-9 2.&nbsp;&nbsp;&nbsp;&nbsp;Yhteyshenkil\u00f6 rekisteriasioissa Oulun Tervaporvarien Nuorkauppakamari ry:n hallituksen puheenjohtaja email: pres(a)jciouluntervaporvarit.fi 3.&nbsp;&nbsp;&nbsp; Keit\u00e4 olemme Oulun Tervaporvarien Nuorkauppakamari on Oulun alueella toimiva nuorten aikuisten kouluttautumisj\u00e4rjest\u00f6. 4.&nbsp;&nbsp;&nbsp;&nbsp;Mit\u00e4 henkil\u00f6tietoja ker\u00e4\u00e4mme ja miksi? Henkil\u00f6tietojen k\u00e4ytt\u00f6tarkoituksena on Oulun Tervaporvarien Nuorkauppakamarin j\u00e4senyyksien (koej\u00e4sen, j\u00e4sen, kunniaj\u00e4sen, senaattori) yll\u00e4pito sek\u00e4 viestint\u00e4- ja markkinointitoimenpiteet, kuten ajankohtainen tiedotus kamarin sis\u00e4ll\u00e4&hellip;","jetpack_sharing_enabled":true,"_links":{"self":[{"href":"https:\/\/jciouluntervaporvarit.fi\/index.php\/wp-json\/wp\/v2\/pages\/1116","targetHints":{"allow":["GET"]}}],"collection":[{"href":"https:\/\/jciouluntervaporvarit.fi\/index.php\/wp-json\/wp\/v2\/pages"}],"about":[{"href":"https:\/\/jciouluntervaporvarit.fi\/index.php\/wp-json\/wp\/v2\/types\/page"}],"author":[{"embeddable":true,"href":"https:\/\/jciouluntervaporvarit.fi\/index.php\/wp-json\/wp\/v2\/users\/1"}],"replies":[{"embeddable":true,"href":"https:\/\/jciouluntervaporvarit.fi\/index.php\/wp-json\/wp\/v2\/comments?post=1116"}],"version-history":[{"count":5,"href":"https:\/\/jciouluntervaporvarit.fi\/index.php\/wp-json\/wp\/v2\/pages\/1116\/revisions"}],"predecessor-version":[{"id":1403,"href":"https:\/\/jciouluntervaporvarit.fi\/index.php\/wp-json\/wp\/v2\/pages\/1116\/revisions\/1403"}],"wp:attachment":[{"href":"https:\/\/jciouluntervaporvarit.fi\/index.php\/wp-json\/wp\/v2\/media?parent=1116"}],"curies":[{"name":"wp","href":"https:\/\/api.w.org\/{rel}","templated":true}]}}